{"id":5820,"date":"2021-11-05T17:22:46","date_gmt":"2021-11-05T23:22:46","guid":{"rendered":"https:\/\/www.mgtrading.com\/?page_id=5820"},"modified":"2022-01-10T09:19:30","modified_gmt":"2022-01-10T16:19:30","slug":"ingenieria-y-diseno-de-producto","status":"publish","type":"page","link":"https:\/\/www.mgtrading.com\/es\/ingenieria-y-diseno-de-producto\/","title":{"rendered":"Ingenier\u00eda y Dise\u00f1o de Producto"},"content":{"rendered":"<h2>Dise\u00f1ar Un Nuevo Producto a Partir De Su Concepto Inicial<\/h2>\n<p><img loading=\"lazy\" decoding=\"async\" class=\"alignright wp-image-5106\" src=\"https:\/\/www.mgtrading.com\/wp-content\/uploads\/2015\/06\/26325944_s-1-300x257.jpg\" alt=\"\" width=\"372\" height=\"319\" srcset=\"https:\/\/www.mgtrading.com\/wp-content\/uploads\/2015\/06\/26325944_s-1-300x257.jpg 300w, https:\/\/www.mgtrading.com\/wp-content\/uploads\/2015\/06\/26325944_s-1.jpg 450w\" sizes=\"auto, (max-width: 372px) 100vw, 372px\" \/><\/p>\n<p>Tenemos muchos clientes que vienen a nosotros con una idea para un nuevo producto y necesitan ayuda para llevarlo del concepto al estado listo para producci\u00f3n. Algunos tienen poco m\u00e1s que un boceto de su idea en una servilleta.<\/p>\n<p>Nuestro ingeniero puede dar vida a su producto y guiarlo a trav\u00e9s del proceso de creaci\u00f3n de los dibujos listos para el fabricante necesarios para llevar su producto a las fases de creaci\u00f3n de prototipos y producci\u00f3n.<\/p>\n<p><strong>As\u00ed es como se ve el proceso:<\/strong><\/p>\n<ol class=\"big-numbers row nolist\">\n<li>\n<h3>Consulta Inicial<\/h3>\n<p>Tendr\u00eda una llamada telef\u00f3nica inicial con nuestro ingeniero para describir el concepto de su producto, incluidos los materiales con los que imagina que se fabricar\u00e1, las dimensiones aproximadas, c\u00f3mo deber\u00eda funcionar y cualquier otro detalle. Cuanta m\u00e1s informaci\u00f3n pueda proporcionar, mejor, incluidos bocetos, prototipos, piezas o componentes de muestra u otros dibujos que pueda haber realizado.<\/p>\n<\/li>\n<li>\n<h3>Acuerdo De Confidencialidad <em>(Opcional)<\/em><\/h3>\n<p>Previa solicitud, nos complace firmar un acuerdo de confidencialidad con usted en el que aceptamos mantener la confidencialidad del concepto y el dise\u00f1o de su producto. Tenemos un ADC est\u00e1ndar que podemos proporcionar, o podemos trabajar con su ADC.<\/p>\n<\/li>\n<li>\n<h3>Presupuesto de Ingenier\u00eda y Dise\u00f1o de Producto<\/h3>\n<p>Le proporcionaremos un presupuesto de las horas estimadas necesarias para crear un renderizado inicial y dibujos de primera generaci\u00f3n. Tambi\u00e9n se pueden cotizar los procesos adicionales que puedan ser necesarios, como la inspecci\u00f3n de cualquier prototipo y las revisiones finales de los dibujos.<\/p>\n<p>Debido a que ofrecemos servicios de ingenier\u00eda y producci\u00f3n de productos bajo un mismo techo, podemos brindar <strong>tarifas competitivas que a menudo est\u00e1n entre un 40% y un 50% por debajo de algunas empresas de ingenier\u00eda<\/strong> que cobran $ 100.00 por hora y m\u00e1s. <em>(Hemos visto algunas empresas de ingenier\u00eda que cobran hasta $ 150.00 la hora.)<\/em><\/p>\n<\/li>\n<li>\n<h3>Trabajar Con Un Ingeniero De Producto Experimentado<\/h3>\n<p>Nuestro ingeniero estadounidense tiene a\u00f1os de experiencia trabajando con productos hechos de m\u00faltiples materiales, incluidos metal, pl\u00e1stico y textiles. En la mayor\u00eda de los casos, podemos proporcionarle una cotizaci\u00f3n inicial dentro de las 72 horas posteriores a su conversaci\u00f3n inicial con nuestro ingeniero, dependiendo de la complejidad de su proyecto.<\/p>\n<\/li>\n<li>\n<h3>Dise\u00f1o e Ingenier\u00eda de Su Producto<\/h3>\n<p>Una vez que haya tomado la decisi\u00f3n de trabajar con nosotros, nuestro ingeniero puede producir algunas representaciones iniciales generadas por computadora para darle una idea de c\u00f3mo se ver\u00eda su producto. Aqu\u00ed hay varias representaciones:<\/p>\n<div class=\"row\">\n<div class=\"one_half\"><img loading=\"lazy\" decoding=\"async\" class=\"alignleft size-medium wp-image-5334\" src=\"https:\/\/www.mgtrading.com\/wp-content\/uploads\/\/anon-box-v3-v0-v8-300x141.jpg\" alt=\"\" width=\"300\" height=\"141\" srcset=\"https:\/\/www.mgtrading.com\/wp-content\/uploads\/anon-box-v3-v0-v8-300x141.jpg 300w, https:\/\/www.mgtrading.com\/wp-content\/uploads\/anon-box-v3-v0-v8-768x362.jpg 768w, https:\/\/www.mgtrading.com\/wp-content\/uploads\/anon-box-v3-v0-v8-1024x482.jpg 1024w, https:\/\/www.mgtrading.com\/wp-content\/uploads\/anon-box-v3-v0-v8.jpg 1536w\" sizes=\"auto, (max-width: 300px) 100vw, 300px\" \/><\/div>\n<div class=\"one_half last\"><img loading=\"lazy\" decoding=\"async\" class=\"alignleft size-medium wp-image-5332\" src=\"https:\/\/www.mgtrading.com\/wp-content\/uploads\/\/bottle_wireform-v1-2-300x141.png\" alt=\"\" width=\"300\" height=\"141\" srcset=\"https:\/\/www.mgtrading.com\/wp-content\/uploads\/bottle_wireform-v1-2-300x141.png 300w, https:\/\/www.mgtrading.com\/wp-content\/uploads\/bottle_wireform-v1-2-768x362.png 768w, https:\/\/www.mgtrading.com\/wp-content\/uploads\/bottle_wireform-v1-2-1024x482.png 1024w, https:\/\/www.mgtrading.com\/wp-content\/uploads\/bottle_wireform-v1-2.png 1536w\" sizes=\"auto, (max-width: 300px) 100vw, 300px\" \/><\/div>\n<div class=\"clear\"><\/div>\n<div class=\"one_half\"><img loading=\"lazy\" decoding=\"async\" class=\"alignleft size-medium wp-image-5331\" src=\"https:\/\/www.mgtrading.com\/wp-content\/uploads\/\/MELLINIAL-FENIAL-300x151.jpg\" alt=\"\" width=\"300\" height=\"151\" srcset=\"https:\/\/www.mgtrading.com\/wp-content\/uploads\/MELLINIAL-FENIAL-300x151.jpg 300w, https:\/\/www.mgtrading.com\/wp-content\/uploads\/MELLINIAL-FENIAL-768x385.jpg 768w, https:\/\/www.mgtrading.com\/wp-content\/uploads\/MELLINIAL-FENIAL-1024x514.jpg 1024w, https:\/\/www.mgtrading.com\/wp-content\/uploads\/MELLINIAL-FENIAL.jpg 1608w\" sizes=\"auto, (max-width: 300px) 100vw, 300px\" \/><\/div>\n<div class=\"one_half last\"><img loading=\"lazy\" decoding=\"async\" class=\"alignleft size-medium wp-image-5330\" src=\"https:\/\/www.mgtrading.com\/wp-content\/uploads\/\/rendering-top5.3.94-300x169.jpg\" alt=\"\" width=\"300\" height=\"169\" srcset=\"https:\/\/www.mgtrading.com\/wp-content\/uploads\/rendering-top5.3.94-300x169.jpg 300w, https:\/\/www.mgtrading.com\/wp-content\/uploads\/rendering-top5.3.94-768x432.jpg 768w, https:\/\/www.mgtrading.com\/wp-content\/uploads\/rendering-top5.3.94-1024x576.jpg 1024w, https:\/\/www.mgtrading.com\/wp-content\/uploads\/rendering-top5.3.94.jpg 1572w\" sizes=\"auto, (max-width: 300px) 100vw, 300px\" \/><\/div>\n<div class=\"clear\"><\/div>\n<\/div>\n<\/li>\n<li>\n<h3>Redacci\u00f3n De Planos De Fabricaci\u00f3n Para Su Producto<\/h3>\n<p>El siguiente paso ser\u00e1 crear dibujos de primera generaci\u00f3n de todas las piezas. Estos dibujos incluir\u00e1n todas las dimensiones, tolerancias, materiales y requisitos de acabado. Tambi\u00e9n se puede crear un modelo 3D, en formato de archivo stp. A continuaci\u00f3n, se muestra un ejemplo de un dibujo en 2D como se describe anteriormente:<\/p>\n<p>\t\t<img loading=\"lazy\" decoding=\"async\" class=\"alignnone wp-image-5335\" src=\"https:\/\/www.mgtrading.com\/wp-content\/uploads\/\/Cap_drawing_AC-300x192.jpg\" alt=\"\" width=\"452\" height=\"289\" srcset=\"https:\/\/www.mgtrading.com\/wp-content\/uploads\/Cap_drawing_AC-300x192.jpg 300w, https:\/\/www.mgtrading.com\/wp-content\/uploads\/Cap_drawing_AC-768x491.jpg 768w, https:\/\/www.mgtrading.com\/wp-content\/uploads\/Cap_drawing_AC-1024x655.jpg 1024w, https:\/\/www.mgtrading.com\/wp-content\/uploads\/Cap_drawing_AC.jpg 1433w\" sizes=\"auto, (max-width: 452px) 100vw, 452px\" \/>\n\t<\/li>\n<li>\n<h3>Creaci\u00f3n De Prototipos De Su Producto Para Pruebas<\/h3>\n<p>Una vez que haya aprobado los dibujos de la primera generaci\u00f3n, se deben realizar <a href=\"https:\/\/www.mgtrading.com\/prototyping\/\">prototipos<\/a> para cada producto nuevo para que pueda probar que funcionan y se ajustan son lo que tienes en mente. Los prototipos tambi\u00e9n le brindan productos que puede mostrar a sus posibles clientes con fines de investigaci\u00f3n de mercado. Podemos proporcionarle un presupuesto de uno de nuestros fabricantes que se especializa en hacer prototipos despu\u00e9s de que se completen los dibujos de la primera generaci\u00f3n.<\/p>\n<ul class=\"row nolist\" style=\"margin-top:20px;margin-bottom:0;\">\n<li>\n<h5><i class=\"fa fa-check-square\"><\/i>Prueba De Calidad Del Prototipo<\/h5>\n<p>Una vez que se han realizado los prototipos, seg\u00fan su ubicaci\u00f3n, nuestro ingeniero puede inspeccionarlos para asegurarse de que est\u00e9n hechos para imprimir; luego puede realizar sus propias pruebas y utilizarlas con fines de marketing. Es fundamental que pruebe minuciosamente sus prototipos para determinar el ajuste, el tama\u00f1o, la funci\u00f3n y el acabado.<\/p>\n<\/li>\n<li>\n<h5><i class=\"fa fa-check-square\"><\/i>Actualizaciones Y Revisiones De Productos<\/h5>\n<p>Siempre hay cambios que se realizan despu\u00e9s de que se realiza el primer prototipo. Sus clientes pueden hacer sugerencias que mejoren las caracter\u00edsticas de su producto, nuestro ingeniero podr\u00eda aportar ideas para ayudar a mejorar el dise\u00f1o con fines de fabricaci\u00f3n, o el prototipo podr\u00eda proporcionarle la chispa para nuevas ideas o mejoras.<\/p>\n<\/li>\n<\/ul>\n<\/li>\n<li>\n<h3>Finalizaci\u00f3n De Dibujos De Productos Para Producci\u00f3n<\/h3>\n<p>Una vez que haya ajustado el dise\u00f1o, nuestro ingeniero puede producir dibujos finales listos para la producci\u00f3n, y estaremos listos para ir a China a solicitar una cotizaci\u00f3n de producci\u00f3n.<\/p>\n<p>El proceso de ingenier\u00eda y creaci\u00f3n de prototipos es diferente para cada producto. Algunos proyectos pueden requerir m\u00faltiples cambios de dise\u00f1o y prototipos, mientras que otros, si los productos son simples, podr\u00edan realizarse con varios conjuntos de dibujos y un prototipo. Trabajaremos con usted para acelerar la fase de desarrollo del producto lo m\u00e1s r\u00e1pido posible.<\/p>\n<\/li>\n<\/ol>\n<p>Por favor <a href=\"https:\/\/www.mgtrading.com\/es\/contacto\/\">cont\u00e1ctenos<\/a> to discuss getting the engineering process started.<\/p>\n","protected":false},"excerpt":{"rendered":"<p>Dise\u00f1ar Un Nuevo Producto a Partir De Su Concepto Inicial Tenemos muchos clientes que vienen a nosotros con una idea para un nuevo producto y necesitan ayuda para llevarlo del concepto al&#8230;<\/p>\n","protected":false},"author":9,"featured_media":0,"parent":0,"menu_order":0,"comment_status":"closed","ping_status":"closed","template":"","meta":{"_acf_changed":false,"footnotes":""},"class_list":["post-5820","page","type-page","status-publish","hentry"],"acf":[],"yoast_head":"<!-- This site is optimized with the Yoast SEO plugin v27.2 - https:\/\/yoast.com\/product\/yoast-seo-wordpress\/ -->\n<title>Ingenier\u00eda y Dise\u00f1o de Producto - Global Trade Specialists<\/title>\n<meta name=\"robots\" content=\"index, follow, max-snippet:-1, max-image-preview:large, max-video-preview:-1\" \/>\n<link rel=\"canonical\" href=\"https:\/\/www.mgtrading.com\/es\/ingenieria-y-diseno-de-producto\/\" \/>\n<meta property=\"og:locale\" content=\"es_ES\" \/>\n<meta property=\"og:type\" content=\"article\" \/>\n<meta property=\"og:title\" content=\"Ingenier\u00eda y Dise\u00f1o de Producto - Global Trade Specialists\" \/>\n<meta property=\"og:description\" content=\"Dise\u00f1ar Un Nuevo Producto a Partir De Su Concepto Inicial Tenemos muchos clientes que vienen a nosotros con una idea para un nuevo producto y necesitan ayuda para llevarlo del concepto al...\" \/>\n<meta property=\"og:url\" content=\"https:\/\/www.mgtrading.com\/es\/ingenieria-y-diseno-de-producto\/\" \/>\n<meta property=\"og:site_name\" content=\"Global Trade Specialists\" \/>\n<meta property=\"article:publisher\" content=\"https:\/\/www.facebook.com\/GlobalTradeSpecialistsInc\" \/>\n<meta property=\"article:modified_time\" content=\"2022-01-10T16:19:30+00:00\" \/>\n<meta property=\"og:image\" content=\"https:\/\/www.mgtrading.com\/wp-content\/uploads\/2015\/06\/26325944_s-1-300x257.jpg\" \/>\n<meta name=\"twitter:card\" content=\"summary_large_image\" \/>\n<meta name=\"twitter:label1\" content=\"Tiempo de lectura\" \/>\n\t<meta name=\"twitter:data1\" content=\"4 minutos\" \/>\n<script type=\"application\/ld+json\" class=\"yoast-schema-graph\">{\"@context\":\"https:\/\/schema.org\",\"@graph\":[{\"@type\":\"WebPage\",\"@id\":\"https:\/\/www.mgtrading.com\/es\/ingenieria-y-diseno-de-producto\/\",\"url\":\"https:\/\/www.mgtrading.com\/es\/ingenieria-y-diseno-de-producto\/\",\"name\":\"Ingenier\u00eda y Dise\u00f1o de Producto - Global Trade Specialists\",\"isPartOf\":{\"@id\":\"https:\/\/www.mgtrading.com\/es\/#website\"},\"primaryImageOfPage\":{\"@id\":\"https:\/\/www.mgtrading.com\/es\/ingenieria-y-diseno-de-producto\/#primaryimage\"},\"image\":{\"@id\":\"https:\/\/www.mgtrading.com\/es\/ingenieria-y-diseno-de-producto\/#primaryimage\"},\"thumbnailUrl\":\"https:\/\/www.mgtrading.com\/wp-content\/uploads\/2015\/06\/26325944_s-1-300x257.jpg\",\"datePublished\":\"2021-11-05T23:22:46+00:00\",\"dateModified\":\"2022-01-10T16:19:30+00:00\",\"breadcrumb\":{\"@id\":\"https:\/\/www.mgtrading.com\/es\/ingenieria-y-diseno-de-producto\/#breadcrumb\"},\"inLanguage\":\"es\",\"potentialAction\":[{\"@type\":\"ReadAction\",\"target\":[\"https:\/\/www.mgtrading.com\/es\/ingenieria-y-diseno-de-producto\/\"]}]},{\"@type\":\"ImageObject\",\"inLanguage\":\"es\",\"@id\":\"https:\/\/www.mgtrading.com\/es\/ingenieria-y-diseno-de-producto\/#primaryimage\",\"url\":\"https:\/\/www.mgtrading.com\/wp-content\/uploads\/2015\/06\/26325944_s-1-300x257.jpg\",\"contentUrl\":\"https:\/\/www.mgtrading.com\/wp-content\/uploads\/2015\/06\/26325944_s-1-300x257.jpg\"},{\"@type\":\"BreadcrumbList\",\"@id\":\"https:\/\/www.mgtrading.com\/es\/ingenieria-y-diseno-de-producto\/#breadcrumb\",\"itemListElement\":[{\"@type\":\"ListItem\",\"position\":1,\"name\":\"Home\",\"item\":\"https:\/\/www.mgtrading.com\/es\/\"},{\"@type\":\"ListItem\",\"position\":2,\"name\":\"Ingenier\u00eda y Dise\u00f1o de Producto\"}]},{\"@type\":\"WebSite\",\"@id\":\"https:\/\/www.mgtrading.com\/es\/#website\",\"url\":\"https:\/\/www.mgtrading.com\/es\/\",\"name\":\"Global Trade Specialists, Inc.\",\"description\":\"Source from Reliable China Manufacturing Companies.\",\"publisher\":{\"@id\":\"https:\/\/www.mgtrading.com\/es\/#organization\"},\"alternateName\":\"Global Trade Specialists\",\"potentialAction\":[{\"@type\":\"SearchAction\",\"target\":{\"@type\":\"EntryPoint\",\"urlTemplate\":\"https:\/\/www.mgtrading.com\/es\/?s={search_term_string}\"},\"query-input\":{\"@type\":\"PropertyValueSpecification\",\"valueRequired\":true,\"valueName\":\"search_term_string\"}}],\"inLanguage\":\"es\"},{\"@type\":\"Organization\",\"@id\":\"https:\/\/www.mgtrading.com\/es\/#organization\",\"name\":\"Global Trade Specialists, Inc.\",\"alternateName\":\"Global Trade Specialists\",\"url\":\"https:\/\/www.mgtrading.com\/es\/\",\"logo\":{\"@type\":\"ImageObject\",\"inLanguage\":\"es\",\"@id\":\"https:\/\/www.mgtrading.com\/es\/#\/schema\/logo\/image\/\",\"url\":\"https:\/\/www.mgtrading.com\/wp-content\/uploads\/GTS-Logo-square-1.jpg\",\"contentUrl\":\"https:\/\/www.mgtrading.com\/wp-content\/uploads\/GTS-Logo-square-1.jpg\",\"width\":400,\"height\":400,\"caption\":\"Global Trade Specialists, Inc.\"},\"image\":{\"@id\":\"https:\/\/www.mgtrading.com\/es\/#\/schema\/logo\/image\/\"},\"sameAs\":[\"https:\/\/www.facebook.com\/GlobalTradeSpecialistsInc\",\"https:\/\/www.linkedin.com\/company\/global-trade-specialists-inc-\/\",\"https:\/\/www.youtube.com\/channel\/UC_Y74m9kM8vu3Q-QDHQREog\"]}]}<\/script>\n<!-- \/ Yoast SEO plugin. -->","yoast_head_json":{"title":"Ingenier\u00eda y Dise\u00f1o de Producto - Global Trade Specialists","robots":{"index":"index","follow":"follow","max-snippet":"max-snippet:-1","max-image-preview":"max-image-preview:large","max-video-preview":"max-video-preview:-1"},"canonical":"https:\/\/www.mgtrading.com\/es\/ingenieria-y-diseno-de-producto\/","og_locale":"es_ES","og_type":"article","og_title":"Ingenier\u00eda y Dise\u00f1o de Producto - Global Trade Specialists","og_description":"Dise\u00f1ar Un Nuevo Producto a Partir De Su Concepto Inicial Tenemos muchos clientes que vienen a nosotros con una idea para un nuevo producto y necesitan ayuda para llevarlo del concepto al...","og_url":"https:\/\/www.mgtrading.com\/es\/ingenieria-y-diseno-de-producto\/","og_site_name":"Global Trade Specialists","article_publisher":"https:\/\/www.facebook.com\/GlobalTradeSpecialistsInc","article_modified_time":"2022-01-10T16:19:30+00:00","og_image":[{"url":"https:\/\/www.mgtrading.com\/wp-content\/uploads\/2015\/06\/26325944_s-1-300x257.jpg","type":"","width":"","height":""}],"twitter_card":"summary_large_image","twitter_misc":{"Tiempo de lectura":"4 minutos"},"schema":{"@context":"https:\/\/schema.org","@graph":[{"@type":"WebPage","@id":"https:\/\/www.mgtrading.com\/es\/ingenieria-y-diseno-de-producto\/","url":"https:\/\/www.mgtrading.com\/es\/ingenieria-y-diseno-de-producto\/","name":"Ingenier\u00eda y Dise\u00f1o de Producto - Global Trade Specialists","isPartOf":{"@id":"https:\/\/www.mgtrading.com\/es\/#website"},"primaryImageOfPage":{"@id":"https:\/\/www.mgtrading.com\/es\/ingenieria-y-diseno-de-producto\/#primaryimage"},"image":{"@id":"https:\/\/www.mgtrading.com\/es\/ingenieria-y-diseno-de-producto\/#primaryimage"},"thumbnailUrl":"https:\/\/www.mgtrading.com\/wp-content\/uploads\/2015\/06\/26325944_s-1-300x257.jpg","datePublished":"2021-11-05T23:22:46+00:00","dateModified":"2022-01-10T16:19:30+00:00","breadcrumb":{"@id":"https:\/\/www.mgtrading.com\/es\/ingenieria-y-diseno-de-producto\/#breadcrumb"},"inLanguage":"es","potentialAction":[{"@type":"ReadAction","target":["https:\/\/www.mgtrading.com\/es\/ingenieria-y-diseno-de-producto\/"]}]},{"@type":"ImageObject","inLanguage":"es","@id":"https:\/\/www.mgtrading.com\/es\/ingenieria-y-diseno-de-producto\/#primaryimage","url":"https:\/\/www.mgtrading.com\/wp-content\/uploads\/2015\/06\/26325944_s-1-300x257.jpg","contentUrl":"https:\/\/www.mgtrading.com\/wp-content\/uploads\/2015\/06\/26325944_s-1-300x257.jpg"},{"@type":"BreadcrumbList","@id":"https:\/\/www.mgtrading.com\/es\/ingenieria-y-diseno-de-producto\/#breadcrumb","itemListElement":[{"@type":"ListItem","position":1,"name":"Home","item":"https:\/\/www.mgtrading.com\/es\/"},{"@type":"ListItem","position":2,"name":"Ingenier\u00eda y Dise\u00f1o de Producto"}]},{"@type":"WebSite","@id":"https:\/\/www.mgtrading.com\/es\/#website","url":"https:\/\/www.mgtrading.com\/es\/","name":"Global Trade Specialists, Inc.","description":"Source from Reliable China Manufacturing Companies.","publisher":{"@id":"https:\/\/www.mgtrading.com\/es\/#organization"},"alternateName":"Global Trade Specialists","potentialAction":[{"@type":"SearchAction","target":{"@type":"EntryPoint","urlTemplate":"https:\/\/www.mgtrading.com\/es\/?s={search_term_string}"},"query-input":{"@type":"PropertyValueSpecification","valueRequired":true,"valueName":"search_term_string"}}],"inLanguage":"es"},{"@type":"Organization","@id":"https:\/\/www.mgtrading.com\/es\/#organization","name":"Global Trade Specialists, Inc.","alternateName":"Global Trade Specialists","url":"https:\/\/www.mgtrading.com\/es\/","logo":{"@type":"ImageObject","inLanguage":"es","@id":"https:\/\/www.mgtrading.com\/es\/#\/schema\/logo\/image\/","url":"https:\/\/www.mgtrading.com\/wp-content\/uploads\/GTS-Logo-square-1.jpg","contentUrl":"https:\/\/www.mgtrading.com\/wp-content\/uploads\/GTS-Logo-square-1.jpg","width":400,"height":400,"caption":"Global Trade Specialists, Inc."},"image":{"@id":"https:\/\/www.mgtrading.com\/es\/#\/schema\/logo\/image\/"},"sameAs":["https:\/\/www.facebook.com\/GlobalTradeSpecialistsInc","https:\/\/www.linkedin.com\/company\/global-trade-specialists-inc-\/","https:\/\/www.youtube.com\/channel\/UC_Y74m9kM8vu3Q-QDHQREog"]}]}},"_links":{"self":[{"href":"https:\/\/www.mgtrading.com\/es\/wp-json\/wp\/v2\/pages\/5820","targetHints":{"allow":["GET"]}}],"collection":[{"href":"https:\/\/www.mgtrading.com\/es\/wp-json\/wp\/v2\/pages"}],"about":[{"href":"https:\/\/www.mgtrading.com\/es\/wp-json\/wp\/v2\/types\/page"}],"author":[{"embeddable":true,"href":"https:\/\/www.mgtrading.com\/es\/wp-json\/wp\/v2\/users\/9"}],"replies":[{"embeddable":true,"href":"https:\/\/www.mgtrading.com\/es\/wp-json\/wp\/v2\/comments?post=5820"}],"version-history":[{"count":0,"href":"https:\/\/www.mgtrading.com\/es\/wp-json\/wp\/v2\/pages\/5820\/revisions"}],"wp:attachment":[{"href":"https:\/\/www.mgtrading.com\/es\/wp-json\/wp\/v2\/media?parent=5820"}],"curies":[{"name":"wp","href":"https:\/\/api.w.org\/{rel}","templated":true}]}}