{"id":5814,"date":"2021-11-05T17:01:55","date_gmt":"2021-11-05T23:01:55","guid":{"rendered":"https:\/\/www.mgtrading.com\/?page_id=5814"},"modified":"2021-11-05T17:01:55","modified_gmt":"2021-11-05T23:01:55","slug":"prototipos-de-productos-para-la-fabricacion","status":"publish","type":"page","link":"https:\/\/www.mgtrading.com\/es\/prototipos-de-productos-para-la-fabricacion\/","title":{"rendered":"Prototipos De Productos Para La Fabricaci\u00f3n"},"content":{"rendered":"<h2>Creaci\u00f3n De Prototipos De Dibujos De Productos<\/h2>\n<p><img loading=\"lazy\" decoding=\"async\" src=\"https:\/\/www.mgtrading.com\/wp-content\/uploads\/product-prototying-min.jpg\" alt=\"\" width=\"400\" height=\"217\" class=\"alignright size-full wp-image-5776\" srcset=\"https:\/\/www.mgtrading.com\/wp-content\/uploads\/product-prototying-min.jpg 400w, https:\/\/www.mgtrading.com\/wp-content\/uploads\/product-prototying-min-300x163.jpg 300w\" sizes=\"auto, (max-width: 400px) 100vw, 400px\" \/><\/p>\n<p>Despu\u00e9s de haber trabajado con <a href=\"https:\/\/www.mgtrading.com\/product-engineering-and-design\/\">nuestro ingeniero<\/a> en la fase de dise\u00f1o del producto y tener la primera generaci\u00f3n <a href=\"https:\/\/www.mgtrading.com\/prints\/\">drawings<\/a> listo, el siguiente paso es hacer un prototipo de su producto.<\/p>\n<h3>La Importancia De La Creaci\u00f3n De Prototipos<\/h3>\n<p><strong>Algunas personas cometen el error de querer saltar directamente a la producci\u00f3n y omitir la creaci\u00f3n de un prototipo, pero esto ser\u00eda desastroso porque:<\/strong><\/p>\n<ol class=\"big-numbers row nolist\">\n<li>Hasta que no haya probado un prototipo, no sabr\u00e1 si el ajuste y la funci\u00f3n son correctos y si su producto funcionar\u00e1 seg\u00fan lo previsto.<\/li>\n<li>Despu\u00e9s de que se hace un prototipo, la mayor\u00eda de los primeros dise\u00f1os generales (como en el 99%) necesitan revisi\u00f3n, actualizaci\u00f3n o mejoras. No hay forma de determinar si el producto est\u00e1 listo para la producci\u00f3n solo a partir de dibujos. Incluso los dise\u00f1os realizados por los ingenieros m\u00e1s expertos deber\u00e1n someterse a algunas revisiones.<\/li>\n<li>Las tolerancias pueden ser demasiado ajustadas o flojas. La apertura de tolerancias estrictas puede ahorrarle dinero, ya que facilitar\u00e1 la producci\u00f3n de la f\u00e1brica. Las tolerancias demasiado flojas pueden causar problemas en el ajuste o el funcionamiento del producto. No podr\u00e1 evaluar el mejor rango de tolerancia solo con los dibujos.<\/li>\n<li>La investigaci\u00f3n de mercado es una parte fundamental de la fase de desarrollo del producto. Especialmente si tiene una empresa nueva, es importante que muestre su prototipo a la mayor cantidad posible de clientes potenciales para obtener sus comentarios sobre el dise\u00f1o, la funci\u00f3n y el precio. La opini\u00f3n de sus clientes sobre su producto es la \u00fanica que importa, ya que estar\u00edan pagando por \u00e9l. Sus clientes pueden tener ideas v\u00e1lidas sobre c\u00f3mo podr\u00eda mejorar el dise\u00f1o o las caracter\u00edsticas de su producto; solo una de sus sugerencias podr\u00eda marcar la diferencia entre un \u00e9xito rotundo y un fracaso desgarrador.<\/li>\n<li>\n\t\t<img loading=\"lazy\" decoding=\"async\" src=\"https:\/\/www.mgtrading.com\/wp-content\/uploads\/prototyping-parts-min.jpg\" alt=\"\" width=\"400\" height=\"196\" class=\"alignright size-full wp-image-5775\" srcset=\"https:\/\/www.mgtrading.com\/wp-content\/uploads\/prototyping-parts-min.jpg 400w, https:\/\/www.mgtrading.com\/wp-content\/uploads\/prototyping-parts-min-300x147.jpg 300w\" sizes=\"auto, (max-width: 400px) 100vw, 400px\" \/><\/p>\n<p>Pedir un env\u00edo de producto que no ha sido probado en prototipos ni investigado en el mercado es como jugar a la ruleta rusa con cinco balas en la rec\u00e1mara. Las posibilidades de que su considerable inversi\u00f3n financiera d\u00e9 sus frutos son escasas o nulas. Una f\u00e1brica de producci\u00f3n que hace un pedido de piezas que est\u00e1n fuera de las especificaciones de los archivos de fabricaci\u00f3n es culpa de la f\u00e1brica y debe ser responsable. Pero si env\u00eda dise\u00f1os que no ha probado a una f\u00e1brica y estos siguen sus dise\u00f1os y las piezas no funcionan como usted quiere, entonces se quedar\u00e1 con un mont\u00f3n de basura.<\/p>\n<\/li>\n<\/ol>\n<h2>Fabricaci\u00f3n de Prototipos<\/h2>\n<p>Una vez que tenga los dibujos de primera generaci\u00f3n listos, obtendremos un presupuesto para obtener un prototipo hecho del fabricante de prototipos apropiado en nuestro grupo de fabricantes de prototipos. Dependiendo del costo por producto, podr\u00eda considerar hacer varios prototipos para regalar a sus posibles clientes. Trabajamos con empresas de prototipos en China y EE. UU., Y obtendremos una cotizaci\u00f3n de la empresa de fabricaci\u00f3n de prototipos que mejor se adapte a los materiales y el dise\u00f1o de su producto, adem\u00e1s de tener en cuenta el precio y el tiempo de entrega.<\/p>\n<p>La fabricaci\u00f3n de prototipos ha avanzado mucho en los \u00faltimos a\u00f1os. Sol\u00eda ser que estaba limitado a unos pocos pl\u00e1sticos y metales y la mayor\u00eda de los prototipos se limitaban al mecanizado CNC, que es costoso producir un par de piezas. Sin embargo, la <a href=\"https:\/\/www.mgtrading.com\/prototyping\/3d-printed-product-prototypes\/\">impresi\u00f3n 3D<\/a> ha abierto una gama de materiales para la creaci\u00f3n de prototipos, incluidos m\u00e1s cauchos y pl\u00e1sticos, y hizo que la creaci\u00f3n de prototipos fuera m\u00e1s asequible para todos.<\/p>\n<p>Nos especializamos en la fabricaci\u00f3n de prototipos en metales, pl\u00e1sticos y cauchos. Nuestra gama de capacidades de creaci\u00f3n de prototipos incluye mecanizado CNC, impresi\u00f3n 3D, moldeo por inyecci\u00f3n, corte por l\u00e1ser y creaci\u00f3n de prototipos de chapa met\u00e1lica.<\/p>\n<p>Hemos descubierto que nuestros contactos chinos pueden obtener precios en prototipos que han sido <strong>8 veces mas barato<\/strong> que las soluciones nacionales.<\/p>\n<h3>Control De Calidad Para Su Prototipo De Producto<\/h3>\n<p>Si lo desea, nuestro ingeniero puede probar o inspeccionar su prototipo para asegurarse de que se haya realizado seg\u00fan las especificaciones proporcionadas en los dibujos antes de envi\u00e1rselo. Una vez que haya completado el proceso de prueba e investigaci\u00f3n de mercado, nuestro ingeniero puede actualizar los dibujos de su producto para reflejar los cambios necesarios. Si es necesario, podemos obtener una cotizaci\u00f3n para hacer otro prototipo, o podemos pasar al paso de <a href=\"https:\/\/www.mgtrading.com\/contactus\/\">obtener una cotizaci\u00f3n <\/a> para producir su producto sobre una base de producci\u00f3n en China.<\/p>\n<p><em>Cr\u00e9dito de la foto: lucadp<\/em><\/p>\n","protected":false},"excerpt":{"rendered":"<p>Creaci\u00f3n De Prototipos De Dibujos De Productos Despu\u00e9s de haber trabajado con nuestro ingeniero en la fase de dise\u00f1o del producto y tener la primera generaci\u00f3n drawings listo, el siguiente paso es&#8230;<\/p>\n","protected":false},"author":9,"featured_media":0,"parent":0,"menu_order":70,"comment_status":"closed","ping_status":"open","template":"","meta":{"_acf_changed":false,"footnotes":""},"class_list":["post-5814","page","type-page","status-publish","hentry"],"acf":[],"yoast_head":"<!-- This site is optimized with the Yoast SEO plugin v27.2 - https:\/\/yoast.com\/product\/yoast-seo-wordpress\/ -->\n<title>Prototipos De Productos Para La Fabricaci\u00f3n - Global Trade Specialists<\/title>\n<meta name=\"robots\" content=\"index, follow, max-snippet:-1, max-image-preview:large, max-video-preview:-1\" \/>\n<link rel=\"canonical\" href=\"https:\/\/www.mgtrading.com\/es\/prototipos-de-productos-para-la-fabricacion\/\" \/>\n<meta property=\"og:locale\" content=\"es_ES\" \/>\n<meta property=\"og:type\" content=\"article\" \/>\n<meta property=\"og:title\" content=\"Prototipos De Productos Para La Fabricaci\u00f3n - Global Trade Specialists\" \/>\n<meta property=\"og:description\" content=\"Creaci\u00f3n De Prototipos De Dibujos De Productos Despu\u00e9s de haber trabajado con nuestro ingeniero en la fase de dise\u00f1o del producto y tener la primera generaci\u00f3n drawings listo, el siguiente paso es...\" \/>\n<meta property=\"og:url\" content=\"https:\/\/www.mgtrading.com\/es\/prototipos-de-productos-para-la-fabricacion\/\" \/>\n<meta property=\"og:site_name\" content=\"Global Trade Specialists\" \/>\n<meta property=\"article:publisher\" content=\"https:\/\/www.facebook.com\/GlobalTradeSpecialistsInc\" \/>\n<meta property=\"og:image\" content=\"https:\/\/www.mgtrading.com\/wp-content\/uploads\/product-prototying-min.jpg\" \/>\n<meta name=\"twitter:card\" content=\"summary_large_image\" \/>\n<meta name=\"twitter:label1\" content=\"Tiempo de lectura\" \/>\n\t<meta name=\"twitter:data1\" content=\"4 minutos\" \/>\n<script type=\"application\/ld+json\" class=\"yoast-schema-graph\">{\"@context\":\"https:\/\/schema.org\",\"@graph\":[{\"@type\":\"WebPage\",\"@id\":\"https:\/\/www.mgtrading.com\/es\/prototipos-de-productos-para-la-fabricacion\/\",\"url\":\"https:\/\/www.mgtrading.com\/es\/prototipos-de-productos-para-la-fabricacion\/\",\"name\":\"Prototipos De Productos Para La Fabricaci\u00f3n - Global Trade Specialists\",\"isPartOf\":{\"@id\":\"https:\/\/www.mgtrading.com\/es\/#website\"},\"primaryImageOfPage\":{\"@id\":\"https:\/\/www.mgtrading.com\/es\/prototipos-de-productos-para-la-fabricacion\/#primaryimage\"},\"image\":{\"@id\":\"https:\/\/www.mgtrading.com\/es\/prototipos-de-productos-para-la-fabricacion\/#primaryimage\"},\"thumbnailUrl\":\"https:\/\/www.mgtrading.com\/wp-content\/uploads\/product-prototying-min.jpg\",\"datePublished\":\"2021-11-05T23:01:55+00:00\",\"breadcrumb\":{\"@id\":\"https:\/\/www.mgtrading.com\/es\/prototipos-de-productos-para-la-fabricacion\/#breadcrumb\"},\"inLanguage\":\"es\",\"potentialAction\":[{\"@type\":\"ReadAction\",\"target\":[\"https:\/\/www.mgtrading.com\/es\/prototipos-de-productos-para-la-fabricacion\/\"]}]},{\"@type\":\"ImageObject\",\"inLanguage\":\"es\",\"@id\":\"https:\/\/www.mgtrading.com\/es\/prototipos-de-productos-para-la-fabricacion\/#primaryimage\",\"url\":\"https:\/\/www.mgtrading.com\/wp-content\/uploads\/product-prototying-min.jpg\",\"contentUrl\":\"https:\/\/www.mgtrading.com\/wp-content\/uploads\/product-prototying-min.jpg\"},{\"@type\":\"BreadcrumbList\",\"@id\":\"https:\/\/www.mgtrading.com\/es\/prototipos-de-productos-para-la-fabricacion\/#breadcrumb\",\"itemListElement\":[{\"@type\":\"ListItem\",\"position\":1,\"name\":\"Home\",\"item\":\"https:\/\/www.mgtrading.com\/es\/\"},{\"@type\":\"ListItem\",\"position\":2,\"name\":\"Prototipos De Productos Para La Fabricaci\u00f3n\"}]},{\"@type\":\"WebSite\",\"@id\":\"https:\/\/www.mgtrading.com\/es\/#website\",\"url\":\"https:\/\/www.mgtrading.com\/es\/\",\"name\":\"Global Trade Specialists, Inc.\",\"description\":\"Source from Reliable China Manufacturing Companies.\",\"publisher\":{\"@id\":\"https:\/\/www.mgtrading.com\/es\/#organization\"},\"alternateName\":\"Global Trade Specialists\",\"potentialAction\":[{\"@type\":\"SearchAction\",\"target\":{\"@type\":\"EntryPoint\",\"urlTemplate\":\"https:\/\/www.mgtrading.com\/es\/?s={search_term_string}\"},\"query-input\":{\"@type\":\"PropertyValueSpecification\",\"valueRequired\":true,\"valueName\":\"search_term_string\"}}],\"inLanguage\":\"es\"},{\"@type\":\"Organization\",\"@id\":\"https:\/\/www.mgtrading.com\/es\/#organization\",\"name\":\"Global Trade Specialists, Inc.\",\"alternateName\":\"Global Trade Specialists\",\"url\":\"https:\/\/www.mgtrading.com\/es\/\",\"logo\":{\"@type\":\"ImageObject\",\"inLanguage\":\"es\",\"@id\":\"https:\/\/www.mgtrading.com\/es\/#\/schema\/logo\/image\/\",\"url\":\"https:\/\/www.mgtrading.com\/wp-content\/uploads\/GTS-Logo-square-1.jpg\",\"contentUrl\":\"https:\/\/www.mgtrading.com\/wp-content\/uploads\/GTS-Logo-square-1.jpg\",\"width\":400,\"height\":400,\"caption\":\"Global Trade Specialists, Inc.\"},\"image\":{\"@id\":\"https:\/\/www.mgtrading.com\/es\/#\/schema\/logo\/image\/\"},\"sameAs\":[\"https:\/\/www.facebook.com\/GlobalTradeSpecialistsInc\",\"https:\/\/www.linkedin.com\/company\/global-trade-specialists-inc-\/\",\"https:\/\/www.youtube.com\/channel\/UC_Y74m9kM8vu3Q-QDHQREog\"]}]}<\/script>\n<!-- \/ Yoast SEO plugin. -->","yoast_head_json":{"title":"Prototipos De Productos Para La Fabricaci\u00f3n - Global Trade Specialists","robots":{"index":"index","follow":"follow","max-snippet":"max-snippet:-1","max-image-preview":"max-image-preview:large","max-video-preview":"max-video-preview:-1"},"canonical":"https:\/\/www.mgtrading.com\/es\/prototipos-de-productos-para-la-fabricacion\/","og_locale":"es_ES","og_type":"article","og_title":"Prototipos De Productos Para La Fabricaci\u00f3n - Global Trade Specialists","og_description":"Creaci\u00f3n De Prototipos De Dibujos De Productos Despu\u00e9s de haber trabajado con nuestro ingeniero en la fase de dise\u00f1o del producto y tener la primera generaci\u00f3n drawings listo, el siguiente paso es...","og_url":"https:\/\/www.mgtrading.com\/es\/prototipos-de-productos-para-la-fabricacion\/","og_site_name":"Global Trade Specialists","article_publisher":"https:\/\/www.facebook.com\/GlobalTradeSpecialistsInc","og_image":[{"url":"https:\/\/www.mgtrading.com\/wp-content\/uploads\/product-prototying-min.jpg","type":"","width":"","height":""}],"twitter_card":"summary_large_image","twitter_misc":{"Tiempo de lectura":"4 minutos"},"schema":{"@context":"https:\/\/schema.org","@graph":[{"@type":"WebPage","@id":"https:\/\/www.mgtrading.com\/es\/prototipos-de-productos-para-la-fabricacion\/","url":"https:\/\/www.mgtrading.com\/es\/prototipos-de-productos-para-la-fabricacion\/","name":"Prototipos De Productos Para La Fabricaci\u00f3n - Global Trade Specialists","isPartOf":{"@id":"https:\/\/www.mgtrading.com\/es\/#website"},"primaryImageOfPage":{"@id":"https:\/\/www.mgtrading.com\/es\/prototipos-de-productos-para-la-fabricacion\/#primaryimage"},"image":{"@id":"https:\/\/www.mgtrading.com\/es\/prototipos-de-productos-para-la-fabricacion\/#primaryimage"},"thumbnailUrl":"https:\/\/www.mgtrading.com\/wp-content\/uploads\/product-prototying-min.jpg","datePublished":"2021-11-05T23:01:55+00:00","breadcrumb":{"@id":"https:\/\/www.mgtrading.com\/es\/prototipos-de-productos-para-la-fabricacion\/#breadcrumb"},"inLanguage":"es","potentialAction":[{"@type":"ReadAction","target":["https:\/\/www.mgtrading.com\/es\/prototipos-de-productos-para-la-fabricacion\/"]}]},{"@type":"ImageObject","inLanguage":"es","@id":"https:\/\/www.mgtrading.com\/es\/prototipos-de-productos-para-la-fabricacion\/#primaryimage","url":"https:\/\/www.mgtrading.com\/wp-content\/uploads\/product-prototying-min.jpg","contentUrl":"https:\/\/www.mgtrading.com\/wp-content\/uploads\/product-prototying-min.jpg"},{"@type":"BreadcrumbList","@id":"https:\/\/www.mgtrading.com\/es\/prototipos-de-productos-para-la-fabricacion\/#breadcrumb","itemListElement":[{"@type":"ListItem","position":1,"name":"Home","item":"https:\/\/www.mgtrading.com\/es\/"},{"@type":"ListItem","position":2,"name":"Prototipos De Productos Para La Fabricaci\u00f3n"}]},{"@type":"WebSite","@id":"https:\/\/www.mgtrading.com\/es\/#website","url":"https:\/\/www.mgtrading.com\/es\/","name":"Global Trade Specialists, Inc.","description":"Source from Reliable China Manufacturing Companies.","publisher":{"@id":"https:\/\/www.mgtrading.com\/es\/#organization"},"alternateName":"Global Trade Specialists","potentialAction":[{"@type":"SearchAction","target":{"@type":"EntryPoint","urlTemplate":"https:\/\/www.mgtrading.com\/es\/?s={search_term_string}"},"query-input":{"@type":"PropertyValueSpecification","valueRequired":true,"valueName":"search_term_string"}}],"inLanguage":"es"},{"@type":"Organization","@id":"https:\/\/www.mgtrading.com\/es\/#organization","name":"Global Trade Specialists, Inc.","alternateName":"Global Trade Specialists","url":"https:\/\/www.mgtrading.com\/es\/","logo":{"@type":"ImageObject","inLanguage":"es","@id":"https:\/\/www.mgtrading.com\/es\/#\/schema\/logo\/image\/","url":"https:\/\/www.mgtrading.com\/wp-content\/uploads\/GTS-Logo-square-1.jpg","contentUrl":"https:\/\/www.mgtrading.com\/wp-content\/uploads\/GTS-Logo-square-1.jpg","width":400,"height":400,"caption":"Global Trade Specialists, Inc."},"image":{"@id":"https:\/\/www.mgtrading.com\/es\/#\/schema\/logo\/image\/"},"sameAs":["https:\/\/www.facebook.com\/GlobalTradeSpecialistsInc","https:\/\/www.linkedin.com\/company\/global-trade-specialists-inc-\/","https:\/\/www.youtube.com\/channel\/UC_Y74m9kM8vu3Q-QDHQREog"]}]}},"_links":{"self":[{"href":"https:\/\/www.mgtrading.com\/es\/wp-json\/wp\/v2\/pages\/5814","targetHints":{"allow":["GET"]}}],"collection":[{"href":"https:\/\/www.mgtrading.com\/es\/wp-json\/wp\/v2\/pages"}],"about":[{"href":"https:\/\/www.mgtrading.com\/es\/wp-json\/wp\/v2\/types\/page"}],"author":[{"embeddable":true,"href":"https:\/\/www.mgtrading.com\/es\/wp-json\/wp\/v2\/users\/9"}],"replies":[{"embeddable":true,"href":"https:\/\/www.mgtrading.com\/es\/wp-json\/wp\/v2\/comments?post=5814"}],"version-history":[{"count":0,"href":"https:\/\/www.mgtrading.com\/es\/wp-json\/wp\/v2\/pages\/5814\/revisions"}],"wp:attachment":[{"href":"https:\/\/www.mgtrading.com\/es\/wp-json\/wp\/v2\/media?parent=5814"}],"curies":[{"name":"wp","href":"https:\/\/api.w.org\/{rel}","templated":true}]}}