{"id":5808,"date":"2021-11-05T16:40:31","date_gmt":"2021-11-05T22:40:31","guid":{"rendered":"https:\/\/www.mgtrading.com\/?page_id=5808"},"modified":"2021-11-05T16:48:28","modified_gmt":"2021-11-05T22:48:28","slug":"desarrollo-de-nuevos-productos-en-china-de-principio-a-fin","status":"publish","type":"page","link":"https:\/\/www.mgtrading.com\/es\/desarrollo-de-nuevos-productos-en-china-de-principio-a-fin\/","title":{"rendered":"Desarrollo de nuevos productos en China &#8211; De principio a fin"},"content":{"rendered":"<p><img loading=\"lazy\" decoding=\"async\" src=\"https:\/\/www.mgtrading.com\/wp-content\/uploads\/\/product-engineering-firm-min-2-300x200.jpg\" alt=\"\" width=\"300\" height=\"200\" class=\"alignright size-medium wp-image-5703\" srcset=\"https:\/\/www.mgtrading.com\/wp-content\/uploads\/product-engineering-firm-min-2-300x200.jpg 300w, https:\/\/www.mgtrading.com\/wp-content\/uploads\/product-engineering-firm-min-2.jpg 450w\" sizes=\"auto, (max-width: 300px) 100vw, 300px\" \/><\/p>\n<h3>Desde la impresi\u00f3n hasta el prototipo y la producci\u00f3n, hemos estado desarrollando nuevos productos en China para nuestros clientes desde 1991.<\/h3>\n<p>Pasar del concepto a la producci\u00f3n y luego comercializar con  \u00e9xito un <strong>nuevo producto<\/strong> implica tomar una serie de pasos  cr\u00edticos. Sean analiza los primeros 3 pasos para prepararse  para la fabricaci\u00f3n en el video (derecha). <\/p>\n<p>Cubriremos todo el espectro de c\u00f3mo se ve el <strong>proceso de  desarrollo<\/strong> de productos en el contenido a continuaci\u00f3n. <\/p>\n<ol class=\"big-numbers row nolist\" style=\"margin-bottom:0;\">\n<li>\n<h3>Patentes y marcas registradas\u00a0<\/h3>\n<p>El primer paso que querr\u00e1 tomar es ver si puede haber alg\u00fan \u00a0problema potencial de infracci\u00f3n de patente o marca \u00a0registrada. Deber\u00e1 <strong>realizar una b\u00fasqueda de patentes o marcas comerciales<\/strong> y \/ o consultar a un abogado de \u00a0patentes. No realizamos b\u00fasquedas de patentes o marcas \u00a0comerciales; no obtendremos a sabiendas un producto que \u00a0infrinja las patentes o marcas comerciales de otra \u00a0empresa.Saltarse este paso le deja abierto a la posibilidad de \u00a0importar un producto que infrinja una patente o marca \u00a0registrada lo que podr\u00eda desencadenar una demanda, adem\u00e1s \u00a0de la posibilidad de que la Aduana de EE. UU. (O el \u00a0departamento de Aduanas de su pa\u00eds) pueda confiscar el \u00a0env\u00edo. Si nadie m\u00e1s tiene una patente sobre la idea que busca \u00a0producir, \u00a1es genial! Puede continuar con el desarrollo de su \u00a0producto. Tambi\u00e9n puede ser una buena idea obtener una \u00a0patente propia sobre su idea. Si existe una patente, no es el \u00a0fin del mundo, su ingeniero solo tendr\u00e1 que tomar medidas\u00a0para desarrollar el producto de una manera que no infrinja los\u00a0derechos intelectuales.<\/p>\n<\/li>\n<li>\n<h3>Prototipo y prueba de producto<\/h3>\n<p>El producto debe dise\u00f1arse, <strong>crear prototipos y probarse <\/strong>para garantizar que funcione seg\u00fan lo previsto. El proceso de ingenier\u00eda implica la creaci\u00f3n de dibujos \u00a0( impresiones ) generados por computadora , que una \u00a0empresa de fabricaci\u00f3n utilizar\u00e1 para crear las piezas de \u00a0producci\u00f3n. Nuestro ingeniero puede trabajar con usted para \u00a0crear dibujos listos para producci\u00f3n que luego se pueden usar \u00a0para hacer prototipos para probar los dibujos. No crear un \u00a0prototipo de su producto es un error costoso que puede \u00a0resultar en un env\u00edo de piezas defectuosas; si va \u00a0directamente a la producci\u00f3n y la f\u00e1brica hace un pedido de \u00a0piezas correctamente con un mal dise\u00f1o, entonces se quedar\u00e1 \u00a0con ellas. El proceso de creaci\u00f3n de prototipos tambi\u00e9n puede \u00a0ayudarlo a desarrollar ideas sobre c\u00f3mo mejorar el \u00a0producto. Nuestro grupo de empresas de fabricaci\u00f3n de \u00a0prototipos puede proporcionarle un prototipo funcional.<\/p>\n<\/li>\n<li>\n<h3>Investigaci\u00f3n de mercado<\/h3>\n<p><img loading=\"lazy\" decoding=\"async\" src=\"https:\/\/www.mgtrading.com\/wp-content\/uploads\/2012\/04\/product-development-china-1.jpg\" alt=\"\" width=\"350\" height=\"234\" class=\"alignright size-full wp-image-5204\" srcset=\"https:\/\/www.mgtrading.com\/wp-content\/uploads\/2012\/04\/product-development-china-1.jpg 350w, https:\/\/www.mgtrading.com\/wp-content\/uploads\/2012\/04\/product-development-china-1-300x201.jpg 300w\" sizes=\"auto, (max-width: 350px) 100vw, 350px\" \/><\/p>\n<p>Una vez que haya probado un prototipo en pleno \u00a0funcionamiento, ahora es el momento de hacer \u00a0una <strong>investigaci\u00f3n de mercado<\/strong>. La investigaci\u00f3n de \u00a0mercado consiste en descubrir lo que sus clientes quieren \u00a0comprar y luego adaptar tanto su producto como su \u00a0marketing a sus intereses y deseos. Lo que cree que sus \u00a0clientes quieren comprar versus lo que realmente motiva sus \u00a0decisiones de compra pueden ser dos cosas \u00a0diferentes. Muestre su prototipo a la mayor cantidad posible de clientes potenciales; desea preguntarles su opini\u00f3n sobre \u00a0la calidad de su producto, qu\u00e9 tan f\u00e1cil es usarlo, cu\u00e1nto \u00a0pagar\u00edan por \u00e9l, si resuelve un problema significativo y c\u00f3mo \u00a0se ve en general. Esto le dar\u00e1 una idea de c\u00f3mo fijar el precio \u00a0de su producto, si hay caracter\u00edsticas en las que es necesario \u00a0trabajar, si es necesario eliminar la suciedad de su producto, \u00a0etc.<\/p>\n<\/li>\n<li>\n<h3>Revisiones de productos<\/h3>\n<p>Si hay alg\u00fan cambio que deba realizarse en el producto, \u00a0las <strong>impresiones deben actualizarse<\/strong>. Puede considerar la \u00a0realizaci\u00f3n de uno o dos prototipos finales si sus clientes \u00a0desean ver una versi\u00f3n actualizada o si ha realizado cambios \u00a0importantes que deben probarse.<\/p>\n<\/li>\n<li>\n<h3>Embalaje e ilustraciones<\/h3>\n<p>Haga la <strong>obra de arte para su empaque. <\/strong>Conseguir que su \u00a0producto est\u00e9 completamente empaquetado en China no es \u00a0un problema. Es mejor que tenga la obra de arte hecha por \u00a0una empresa local de artes gr\u00e1ficas; No recomendamos que la \u00a0obra de arte se dise\u00f1e en China. Podemos recomendarle una \u00a0empresa profesional en los EE. UU. Que ha realizado \u00a0excelentes dise\u00f1os de empaque para nuestros clientes.<\/p>\n<\/li>\n<li>\n<h3>Planificaci\u00f3n estrat\u00e9gica<\/h3>\n<p>Si est\u00e1 configurando una nueva empresa, es \u00a0importante <strong>hacer un plan de negocios<\/strong>. Su plan de \u00a0negocios lo ayudar\u00e1 a comprender los costos totales \u00a0involucrados en la creaci\u00f3n de un nuevo negocio para que \u00a0pueda adquirir suficiente capital para asegurarse de que su \u00a0nueva empresa logre a largo plazo. La falta de planificaci\u00f3n y<\/p>\n<p>el capital insuficiente son dos de las principales razones por \u00a0las que fracasan las nuevas empresas. Su plan de negocios \u00a0debe incluir costos proyectados, crecimiento proyectado, \u00a0c\u00f3mo planea llegar a su mercado objetivo, un an\u00e1lisis del \u00a0tama\u00f1o del mercado en el que est\u00e1 tratando de mover su \u00a0producto y un an\u00e1lisis de la competencia &#8211; \u00bfQu\u00e9 hacen \u00a0bien? \u00bfCu\u00e1les son sus debilidades? \u00bfC\u00f3mo se diferenciar\u00e1 mi \u00a0negocio de ellos? Hacer un plan de negocios lo mantendr\u00e1 \u00a0encaminado hacia el \u00e9xito.<\/p>\n<\/li>\n<li>\n<h3>Pasando a producci\u00f3n\u00a0<\/h3>\n<p>Ahora est\u00e1 listo para <strong>comenzar la producci\u00f3n <\/strong>. Buscaremos una f\u00e1brica para que usted \u00a0ejecute la producci\u00f3n y le proporcionaremos una cotizaci\u00f3n \u00a0sobre el producto final empaquetado.<\/p>\n<\/li>\n<\/ol>\n<hr \/>\n<h4>Para obtener una cotizaci\u00f3n para la producci\u00f3n de su nuevo producto, necesitamos lo siguiente:<\/h4>\n<ol class=\"big-numbers row nolist\" style=\"margin-bottom:0;\">\n<li>Un prototipo que es una representaci\u00f3n final del \u00a0producto tal y como desea que se fabrique y \/ o dibujos \u00a0finales del ingeniero.\u00a0<\/li>\n<li>Compra cantidades por pieza.<\/li>\n<li style=\"border-left:0;\">La ciudad principal m\u00e1s cercana a usted para que \u00a0podamos brindarle un presupuesto con el flete incluido.<\/li>\n<p>\u00a0<\/ol>\n<h5>\u00bfListo para comenzar?\u00a0<\/h5>\n<p><em>Ll\u00e1manos al <a href=\"tel:+14803725285\">480-372-5285<\/a> o completa el formulario en\u00a0nuestra <a href=\"https:\/\/www.mgtrading.com\/es\/contacto\/\">p\u00e1gina de Contacto<\/a>.<\/em><\/p>\n","protected":false},"excerpt":{"rendered":"<p>Desde la impresi\u00f3n hasta el prototipo y la producci\u00f3n, hemos estado desarrollando nuevos productos en China para nuestros clientes desde 1991. Pasar del concepto a la producci\u00f3n y luego comercializar con \u00e9xito&#8230;<\/p>\n","protected":false},"author":9,"featured_media":0,"parent":0,"menu_order":15,"comment_status":"closed","ping_status":"closed","template":"","meta":{"_acf_changed":false,"footnotes":""},"class_list":["post-5808","page","type-page","status-publish","hentry"],"acf":[],"yoast_head":"<!-- This site is optimized with the Yoast SEO plugin v27.2 - https:\/\/yoast.com\/product\/yoast-seo-wordpress\/ -->\n<title>Desarrollo de nuevos productos en China - De principio a fin - Global Trade Specialists<\/title>\n<meta name=\"robots\" content=\"index, follow, max-snippet:-1, max-image-preview:large, max-video-preview:-1\" \/>\n<link rel=\"canonical\" href=\"https:\/\/www.mgtrading.com\/es\/desarrollo-de-nuevos-productos-en-china-de-principio-a-fin\/\" \/>\n<meta property=\"og:locale\" content=\"es_ES\" \/>\n<meta property=\"og:type\" content=\"article\" \/>\n<meta property=\"og:title\" content=\"Desarrollo de nuevos productos en China - De principio a fin - Global Trade Specialists\" \/>\n<meta property=\"og:description\" content=\"Desde la impresi\u00f3n hasta el prototipo y la producci\u00f3n, hemos estado desarrollando nuevos productos en China para nuestros clientes desde 1991. Pasar del concepto a la producci\u00f3n y luego comercializar con \u00e9xito...\" \/>\n<meta property=\"og:url\" content=\"https:\/\/www.mgtrading.com\/es\/desarrollo-de-nuevos-productos-en-china-de-principio-a-fin\/\" \/>\n<meta property=\"og:site_name\" content=\"Global Trade Specialists\" \/>\n<meta property=\"article:publisher\" content=\"https:\/\/www.facebook.com\/GlobalTradeSpecialistsInc\" \/>\n<meta property=\"article:modified_time\" content=\"2021-11-05T22:48:28+00:00\" \/>\n<meta property=\"og:image\" content=\"https:\/\/www.mgtrading.com\/wp-content\/uploads\/\/product-engineering-firm-min-2-300x200.jpg\" \/>\n<meta name=\"twitter:card\" content=\"summary_large_image\" \/>\n<meta name=\"twitter:label1\" content=\"Tiempo de lectura\" \/>\n\t<meta name=\"twitter:data1\" content=\"4 minutos\" \/>\n<script type=\"application\/ld+json\" class=\"yoast-schema-graph\">{\"@context\":\"https:\/\/schema.org\",\"@graph\":[{\"@type\":\"WebPage\",\"@id\":\"https:\/\/www.mgtrading.com\/es\/desarrollo-de-nuevos-productos-en-china-de-principio-a-fin\/\",\"url\":\"https:\/\/www.mgtrading.com\/es\/desarrollo-de-nuevos-productos-en-china-de-principio-a-fin\/\",\"name\":\"Desarrollo de nuevos productos en China - De principio a fin - Global Trade Specialists\",\"isPartOf\":{\"@id\":\"https:\/\/www.mgtrading.com\/es\/#website\"},\"primaryImageOfPage\":{\"@id\":\"https:\/\/www.mgtrading.com\/es\/desarrollo-de-nuevos-productos-en-china-de-principio-a-fin\/#primaryimage\"},\"image\":{\"@id\":\"https:\/\/www.mgtrading.com\/es\/desarrollo-de-nuevos-productos-en-china-de-principio-a-fin\/#primaryimage\"},\"thumbnailUrl\":\"https:\/\/www.mgtrading.com\/wp-content\/uploads\/\/product-engineering-firm-min-2-300x200.jpg\",\"datePublished\":\"2021-11-05T22:40:31+00:00\",\"dateModified\":\"2021-11-05T22:48:28+00:00\",\"breadcrumb\":{\"@id\":\"https:\/\/www.mgtrading.com\/es\/desarrollo-de-nuevos-productos-en-china-de-principio-a-fin\/#breadcrumb\"},\"inLanguage\":\"es\",\"potentialAction\":[{\"@type\":\"ReadAction\",\"target\":[\"https:\/\/www.mgtrading.com\/es\/desarrollo-de-nuevos-productos-en-china-de-principio-a-fin\/\"]}]},{\"@type\":\"ImageObject\",\"inLanguage\":\"es\",\"@id\":\"https:\/\/www.mgtrading.com\/es\/desarrollo-de-nuevos-productos-en-china-de-principio-a-fin\/#primaryimage\",\"url\":\"https:\/\/www.mgtrading.com\/wp-content\/uploads\/\/product-engineering-firm-min-2-300x200.jpg\",\"contentUrl\":\"https:\/\/www.mgtrading.com\/wp-content\/uploads\/\/product-engineering-firm-min-2-300x200.jpg\"},{\"@type\":\"BreadcrumbList\",\"@id\":\"https:\/\/www.mgtrading.com\/es\/desarrollo-de-nuevos-productos-en-china-de-principio-a-fin\/#breadcrumb\",\"itemListElement\":[{\"@type\":\"ListItem\",\"position\":1,\"name\":\"Home\",\"item\":\"https:\/\/www.mgtrading.com\/es\/\"},{\"@type\":\"ListItem\",\"position\":2,\"name\":\"Desarrollo de nuevos productos en China &#8211; De principio a fin\"}]},{\"@type\":\"WebSite\",\"@id\":\"https:\/\/www.mgtrading.com\/es\/#website\",\"url\":\"https:\/\/www.mgtrading.com\/es\/\",\"name\":\"Global Trade Specialists, Inc.\",\"description\":\"Source from Reliable China Manufacturing Companies.\",\"publisher\":{\"@id\":\"https:\/\/www.mgtrading.com\/es\/#organization\"},\"alternateName\":\"Global Trade Specialists\",\"potentialAction\":[{\"@type\":\"SearchAction\",\"target\":{\"@type\":\"EntryPoint\",\"urlTemplate\":\"https:\/\/www.mgtrading.com\/es\/?s={search_term_string}\"},\"query-input\":{\"@type\":\"PropertyValueSpecification\",\"valueRequired\":true,\"valueName\":\"search_term_string\"}}],\"inLanguage\":\"es\"},{\"@type\":\"Organization\",\"@id\":\"https:\/\/www.mgtrading.com\/es\/#organization\",\"name\":\"Global Trade Specialists, Inc.\",\"alternateName\":\"Global Trade Specialists\",\"url\":\"https:\/\/www.mgtrading.com\/es\/\",\"logo\":{\"@type\":\"ImageObject\",\"inLanguage\":\"es\",\"@id\":\"https:\/\/www.mgtrading.com\/es\/#\/schema\/logo\/image\/\",\"url\":\"https:\/\/www.mgtrading.com\/wp-content\/uploads\/GTS-Logo-square-1.jpg\",\"contentUrl\":\"https:\/\/www.mgtrading.com\/wp-content\/uploads\/GTS-Logo-square-1.jpg\",\"width\":400,\"height\":400,\"caption\":\"Global Trade Specialists, Inc.\"},\"image\":{\"@id\":\"https:\/\/www.mgtrading.com\/es\/#\/schema\/logo\/image\/\"},\"sameAs\":[\"https:\/\/www.facebook.com\/GlobalTradeSpecialistsInc\",\"https:\/\/www.linkedin.com\/company\/global-trade-specialists-inc-\/\",\"https:\/\/www.youtube.com\/channel\/UC_Y74m9kM8vu3Q-QDHQREog\"]}]}<\/script>\n<!-- \/ Yoast SEO plugin. -->","yoast_head_json":{"title":"Desarrollo de nuevos productos en China - De principio a fin - Global Trade Specialists","robots":{"index":"index","follow":"follow","max-snippet":"max-snippet:-1","max-image-preview":"max-image-preview:large","max-video-preview":"max-video-preview:-1"},"canonical":"https:\/\/www.mgtrading.com\/es\/desarrollo-de-nuevos-productos-en-china-de-principio-a-fin\/","og_locale":"es_ES","og_type":"article","og_title":"Desarrollo de nuevos productos en China - De principio a fin - Global Trade Specialists","og_description":"Desde la impresi\u00f3n hasta el prototipo y la producci\u00f3n, hemos estado desarrollando nuevos productos en China para nuestros clientes desde 1991. Pasar del concepto a la producci\u00f3n y luego comercializar con \u00e9xito...","og_url":"https:\/\/www.mgtrading.com\/es\/desarrollo-de-nuevos-productos-en-china-de-principio-a-fin\/","og_site_name":"Global Trade Specialists","article_publisher":"https:\/\/www.facebook.com\/GlobalTradeSpecialistsInc","article_modified_time":"2021-11-05T22:48:28+00:00","og_image":[{"url":"https:\/\/www.mgtrading.com\/wp-content\/uploads\/\/product-engineering-firm-min-2-300x200.jpg","type":"","width":"","height":""}],"twitter_card":"summary_large_image","twitter_misc":{"Tiempo de lectura":"4 minutos"},"schema":{"@context":"https:\/\/schema.org","@graph":[{"@type":"WebPage","@id":"https:\/\/www.mgtrading.com\/es\/desarrollo-de-nuevos-productos-en-china-de-principio-a-fin\/","url":"https:\/\/www.mgtrading.com\/es\/desarrollo-de-nuevos-productos-en-china-de-principio-a-fin\/","name":"Desarrollo de nuevos productos en China - De principio a fin - Global Trade Specialists","isPartOf":{"@id":"https:\/\/www.mgtrading.com\/es\/#website"},"primaryImageOfPage":{"@id":"https:\/\/www.mgtrading.com\/es\/desarrollo-de-nuevos-productos-en-china-de-principio-a-fin\/#primaryimage"},"image":{"@id":"https:\/\/www.mgtrading.com\/es\/desarrollo-de-nuevos-productos-en-china-de-principio-a-fin\/#primaryimage"},"thumbnailUrl":"https:\/\/www.mgtrading.com\/wp-content\/uploads\/\/product-engineering-firm-min-2-300x200.jpg","datePublished":"2021-11-05T22:40:31+00:00","dateModified":"2021-11-05T22:48:28+00:00","breadcrumb":{"@id":"https:\/\/www.mgtrading.com\/es\/desarrollo-de-nuevos-productos-en-china-de-principio-a-fin\/#breadcrumb"},"inLanguage":"es","potentialAction":[{"@type":"ReadAction","target":["https:\/\/www.mgtrading.com\/es\/desarrollo-de-nuevos-productos-en-china-de-principio-a-fin\/"]}]},{"@type":"ImageObject","inLanguage":"es","@id":"https:\/\/www.mgtrading.com\/es\/desarrollo-de-nuevos-productos-en-china-de-principio-a-fin\/#primaryimage","url":"https:\/\/www.mgtrading.com\/wp-content\/uploads\/\/product-engineering-firm-min-2-300x200.jpg","contentUrl":"https:\/\/www.mgtrading.com\/wp-content\/uploads\/\/product-engineering-firm-min-2-300x200.jpg"},{"@type":"BreadcrumbList","@id":"https:\/\/www.mgtrading.com\/es\/desarrollo-de-nuevos-productos-en-china-de-principio-a-fin\/#breadcrumb","itemListElement":[{"@type":"ListItem","position":1,"name":"Home","item":"https:\/\/www.mgtrading.com\/es\/"},{"@type":"ListItem","position":2,"name":"Desarrollo de nuevos productos en China &#8211; De principio a fin"}]},{"@type":"WebSite","@id":"https:\/\/www.mgtrading.com\/es\/#website","url":"https:\/\/www.mgtrading.com\/es\/","name":"Global Trade Specialists, Inc.","description":"Source from Reliable China Manufacturing Companies.","publisher":{"@id":"https:\/\/www.mgtrading.com\/es\/#organization"},"alternateName":"Global Trade Specialists","potentialAction":[{"@type":"SearchAction","target":{"@type":"EntryPoint","urlTemplate":"https:\/\/www.mgtrading.com\/es\/?s={search_term_string}"},"query-input":{"@type":"PropertyValueSpecification","valueRequired":true,"valueName":"search_term_string"}}],"inLanguage":"es"},{"@type":"Organization","@id":"https:\/\/www.mgtrading.com\/es\/#organization","name":"Global Trade Specialists, Inc.","alternateName":"Global Trade Specialists","url":"https:\/\/www.mgtrading.com\/es\/","logo":{"@type":"ImageObject","inLanguage":"es","@id":"https:\/\/www.mgtrading.com\/es\/#\/schema\/logo\/image\/","url":"https:\/\/www.mgtrading.com\/wp-content\/uploads\/GTS-Logo-square-1.jpg","contentUrl":"https:\/\/www.mgtrading.com\/wp-content\/uploads\/GTS-Logo-square-1.jpg","width":400,"height":400,"caption":"Global Trade Specialists, Inc."},"image":{"@id":"https:\/\/www.mgtrading.com\/es\/#\/schema\/logo\/image\/"},"sameAs":["https:\/\/www.facebook.com\/GlobalTradeSpecialistsInc","https:\/\/www.linkedin.com\/company\/global-trade-specialists-inc-\/","https:\/\/www.youtube.com\/channel\/UC_Y74m9kM8vu3Q-QDHQREog"]}]}},"_links":{"self":[{"href":"https:\/\/www.mgtrading.com\/es\/wp-json\/wp\/v2\/pages\/5808","targetHints":{"allow":["GET"]}}],"collection":[{"href":"https:\/\/www.mgtrading.com\/es\/wp-json\/wp\/v2\/pages"}],"about":[{"href":"https:\/\/www.mgtrading.com\/es\/wp-json\/wp\/v2\/types\/page"}],"author":[{"embeddable":true,"href":"https:\/\/www.mgtrading.com\/es\/wp-json\/wp\/v2\/users\/9"}],"replies":[{"embeddable":true,"href":"https:\/\/www.mgtrading.com\/es\/wp-json\/wp\/v2\/comments?post=5808"}],"version-history":[{"count":0,"href":"https:\/\/www.mgtrading.com\/es\/wp-json\/wp\/v2\/pages\/5808\/revisions"}],"wp:attachment":[{"href":"https:\/\/www.mgtrading.com\/es\/wp-json\/wp\/v2\/media?parent=5808"}],"curies":[{"name":"wp","href":"https:\/\/api.w.org\/{rel}","templated":true}]}}