{"id":5805,"date":"2021-11-05T16:29:35","date_gmt":"2021-11-05T22:29:35","guid":{"rendered":"https:\/\/www.mgtrading.com\/?page_id=5805"},"modified":"2021-11-05T16:49:42","modified_gmt":"2021-11-05T22:49:42","slug":"importar-productos-de-china","status":"publish","type":"page","link":"https:\/\/www.mgtrading.com\/es\/importar-productos-de-china\/","title":{"rendered":"Importar Productos de China"},"content":{"rendered":"<h2>Importar Productos de China<\/h2>\n<p style=\"font-size: 28px; color: #09263a; font-weight: bold; line-height: 1.6em;\">Entonces, tiene un producto que desea importar de China y desea comprender c\u00f3mo comenzar el proceso. Este art\u00edculo le brindar\u00e1 los puntos clave que debe conocer acerca de la importaci\u00f3n desde China.<\/p>\n<ol class=\"row nolist big-numbers\">\n<li>\n<h3>\u00bfEst\u00e1 Su Producto Listo Para Fabricar?<\/h3>\n<p>\t\t<img loading=\"lazy\" decoding=\"async\" class=\"alignright size-full wp-image-5297\" src=\"https:\/\/www.mgtrading.com\/wp-content\/uploads\/2018\/01\/Importing-From-China.jpg\" alt=\"Importing from China\" width=\"375\" height=\"250\" srcset=\"https:\/\/www.mgtrading.com\/wp-content\/uploads\/2018\/01\/Importing-From-China.jpg 375w, https:\/\/www.mgtrading.com\/wp-content\/uploads\/2018\/01\/Importing-From-China-300x200.jpg 300w\" sizes=\"auto, (max-width: 375px) 100vw, 375px\" \/><\/p>\n<p>A menudo nos contactan personas que tienen poco m\u00e1s que una idea de producto; tal vez tengan una muestra aproximada o dibujos incompletos. Nunca han probado su producto haciendo un prototipo, ni tienen dibujos listos para fabricar.<\/p>\n<p>Muchos de los problemas que hemos encontrado a lo largo de los a\u00f1os se han debido a proyectos que no se probaron a fondo o en los que no ten\u00edan planos completos de ingenieros. Incluso un tipo nos envi\u00f3 un boceto en una servilleta. Esta es una receta para el desastre.<\/p>\n<p>Las f\u00e1bricas chinas necesitan dibujos de ingenieros con todas las dimensiones, tolerancias, materiales y requisitos de acabado superficial. Si enviamos dibujos o muestras incompletos a la f\u00e1brica, ellos asumir\u00e1n que tienen derecho a llenar los vac\u00edos como mejor les parezca; por lo general, no son muy buenos para adivinar lo que quieren nuestros clientes.<\/p>\n<p>Siempre le conviene probar a fondo su producto haciendo un prototipo y produciendo dibujos listos para la f\u00e1brica. Ofrecemos <a href=\"https:\/\/www.mgtrading.com\/prototyping\/\">servicios de ingenier\u00eda y creaci\u00f3n de prototipos<\/a> y podemos ayudarlo con este proceso.<\/p>\n<p>Si las dimensiones de su producto no son cr\u00edticas, como un mu\u00f1eco de peluche o un juguete, es posible que podamos escapar sin dibujos, pero a\u00fan necesitaremos un prototipo terminado hecho exactamente como usted desea que se fabrique.<\/p>\n<\/li>\n<li>\n<h3>Encuentra La F\u00e1brica Adecuada<\/h3>\n<p>\t\t<img loading=\"lazy\" decoding=\"async\" class=\"alignright size-full wp-image-5298\" src=\"https:\/\/www.mgtrading.com\/wp-content\/uploads\/2018\/01\/Import-from-China-Factories.jpg\" alt=\"Import-from-China-Factories\" width=\"375\" height=\"282\" srcset=\"https:\/\/www.mgtrading.com\/wp-content\/uploads\/2018\/01\/Import-from-China-Factories.jpg 375w, https:\/\/www.mgtrading.com\/wp-content\/uploads\/2018\/01\/Import-from-China-Factories-300x226.jpg 300w\" sizes=\"auto, (max-width: 375px) 100vw, 375px\" \/><\/p>\n<p>Aqu\u00ed es donde entramos nosotros. Asignaremos su proyecto a una de nuestras tres empresas asociadas, que luego comenzar\u00e1 el proceso de b\u00fasqueda de la f\u00e1brica que mejor se adapte a su proyecto en t\u00e9rminos de experiencia, equipo y capacidad de producci\u00f3n.<\/p>\n<p>Uno de mis socios me dijo una vez que ten\u00edan que hacer muchas llamadas telef\u00f3nicas para algunos proyectos, porque las f\u00e1bricas no siempre est\u00e1n al frente con sus capacidades.<\/p>\n<p>Nuestros socios son profesionales chinos nativos; saben las preguntas correctas que deben hacer y las trampas que deben evitar. Tambi\u00e9n saben qu\u00e9 buscar en un fabricante confiable.<\/p>\n<\/li>\n<li>\n<h3>El Estimado<\/h3>\n<p>Una vez que tengamos una f\u00e1brica lista, les enviaremos su proyecto para una cotizaci\u00f3n. Adem\u00e1s de sus dibujos y \/ o prototipo, necesitaremos las cantidades de su compra, la ciudad principal a la que se encuentra m\u00e1s cercano para que podamos incluir el flete al puerto de aduanas m\u00e1s cercano y el material gr\u00e1fico para cualquier embalaje personalizado. Hacemos productos completamente empaquetados todo el tiempo, algunos de los cuales involucran m\u00faltiples f\u00e1bricas y procesos de fabricaci\u00f3n (uno de los productos de nuestros clientes involucra nueve f\u00e1bricas diferentes).<\/p>\n<p>El valor m\u00ednimo de pedido con el que trabajamos es de US $10,000.00. Muchas f\u00e1bricas no cotizan pedidos m\u00e1s peque\u00f1os, y es posible que las que lo hagan no presten la misma atenci\u00f3n a los detalles o prioridad en su proceso de producci\u00f3n que si lo hicieran con un pedido m\u00e1s grande.<\/p>\n<\/li>\n<li>\n<h3>Sobre El Flete<\/h3>\n<p>Algunos asumen que los puertos aduaneros se encuentran solo en las ciudades costeras, pero los puertos aduaneros se encuentran en todas partes. Por ejemplo, en Estados Unidos existen puertos aduaneros en Dallas, Phoenix, Denver y Chicago, entre otras ciudades. Para realizar un env\u00edo a una ciudad como Denver, el env\u00edo mar\u00edtimo se har\u00eda a un puerto costero como Los \u00c1ngeles, luego se cargar\u00eda en un cami\u00f3n y se transportar\u00eda al puerto de aduanas de Denver. Si su empresa estuviera ubicada cerca de Denver, incluir\u00edamos el flete mar\u00edtimo y terrestre en los precios por pieza.<\/p>\n<p>Nuestra cotizaci\u00f3n est\u00e1ndar para un cliente en Denver ser\u00eda CIF Denver, que se define como &#8220;Costo, seguro y flete&#8221;, lo que significa que el precio que le cotizamos incluye el costo del producto, el seguro del env\u00edo y el flete al puerto de aduanas de Denver.<\/p>\n<\/li>\n<li>\n<h3>Derechos De Aduana, Honorarios Del Agente De Aduanas Y M\u00e1s<\/h3>\n<p>Todos los pa\u00edses gravan los productos importados en forma de derechos de aduana. Esta tasa impositiva puede ser libre de impuestos o hasta un 100% o m\u00e1s. En promedio, solemos ver tipos de derechos entre el 5% y el 10%. Necesitar\u00e1 un <a href=\"https:\/\/www.mgtrading.com\/customs-broker\/\">agente de aduanas con licencia<\/a> para despachar el env\u00edo a trav\u00e9s de la Aduana y obtener el env\u00edo desde el almac\u00e9n de Aduanas hasta su puerta. Los agentes de aduanas generalmente cobran alrededor de $ 150.00 por entrada por su tarifa, adem\u00e1s hay otros cargos menores que est\u00e1n involucrados en hacer que el env\u00edo se procese a trav\u00e9s de la Aduana hasta su puerta.<\/p>\n<p>Esta es una lista de los costos adicionales involucrados con la importaci\u00f3n:<\/p>\n<ul>\n<li>Derechos de aduana de EE. UU.<\/li>\n<li>Las tarifas de DDC son &#8220;cargos de destino y entrega&#8221;. Es la tarifa que cobra el transportista por manejar el env\u00edo o contenedor. Las tarifas var\u00edan y se basan en el peso y el volumen. Una cantidad promedio para continuar ser\u00eda de $ 30.00 por metro c\u00fabico.<\/li>\n<li>Tarifa de documentos y \/ o tarifas de transferencia de documentos. Este es el cargo del agente de env\u00edo para transferir el manejo del env\u00edo a su corredor. Puede costar entre $50,00 &#8211; $100,00<\/li>\n<li>V\u00ednculo. Esto es requerido por ley para respaldar el pago de su deber con la Aduana de EE. UU. Normalmente, su corredor pagar\u00e1 la tasa de fianza a la Aduana y luego le facturar\u00e1. Las tarifas de los bonos var\u00edan de un corredor a otro (ya que a veces agregan un poco al costo), por lo que debe comparar precios. En general, hay una tarifa m\u00ednima de fianza de alrededor de $80,00; a partir de ah\u00ed el costo es de alrededor de $4,00 cada mil d\u00f3lares de valor de factura. Si va a importar con frecuencia, puede solicitar una fianza anual, en la que paga un cargo \u00fanico por todos los env\u00edos que traiga durante un a\u00f1o. Los bonos anuales se pueden comprar a trav\u00e9s de su corredor.<\/li>\n<li>Cuota de inscripci\u00f3n ISF. Esta es la tarifa que cobra el agente de aduanas para presentar la inscripci\u00f3n ISF. Seg\u00fan la ley de EE. UU., Todos los env\u00edos deben presentar una entrada en la Aduana de EE. UU. Notific\u00e1ndoles del env\u00edo 24 horas antes de que salga del puerto en China.<\/li>\n<li>Tarifa de montacargas. Este es el cargo del puerto de entrada para descargar su env\u00edo.<\/li>\n<li>Los honorarios de su agente de aduanas por prestar sus servicios. Hemos o\u00eddo hablar de tarifas tan bajas como $100,00 y tan altas como $200,00<\/li>\n<li>Flete terrestre para enviar su env\u00edo desde el puerto de entrada hasta su puerta.<\/li>\n<li>En algunos puertos puede haber una tarifa de manejo adicional. Debe comunicarse con su agente de aduanas para conocer las tarifas que cobrar\u00e1 su puerto. Podemos derivarlo a un agente de aduanas con una red nacional si lo solicita.<\/li>\n<\/ul>\n<\/li>\n<li>\n<h3>Volver a El Estimado&#8230;<\/h3>\n<p>Nuestra cotizaci\u00f3n incluir\u00e1 el precio CIF al puerto de aduanas m\u00e1s cercano a usted, la cantidad m\u00ednima de pedido de la f\u00e1brica y el costo de los cargos por moldes o herramientas necesarios para fabricar su producto. Tambi\u00e9n se incluir\u00e1 una estimaci\u00f3n de los tiempos de producci\u00f3n para las muestras del primer art\u00edculo y la ejecuci\u00f3n de producci\u00f3n.<\/p>\n<\/li>\n<li>\n<h3>Si Quieres Seguir Adelante:<\/h3>\n<p>Necesitaremos una orden de compra, sujeta a la aprobaci\u00f3n de la muestra, para la cantidad de producci\u00f3n y cualquier molde o herramienta. Despu\u00e9s de que la f\u00e1brica haga los moldes o las herramientas, le proporcionar\u00e1n muestras del primer art\u00edculo para su aprobaci\u00f3n.<\/p>\n<\/li>\n<li>\n<h3>Manejo De Expectativas<\/h3>\n<p><a href=\"https:\/\/www.mgtrading.com\/getting-your-product-made-in-china\/\">Fabricar un producto nuevo en China<\/a> por primera vez, especialmente cuando se trata de moldes, puede ser un proceso complicado. Una vez que se fabrican nuevos moldes, el producto rara vez cumple con las especificaciones la primera vez y se necesita un proceso de ajuste fino. Hemos visto casos en los que el proceso de ajuste puede tardar alrededor de un mes. Esto significa que si el tiempo de producci\u00f3n originalmente cotizado por la f\u00e1brica para producir nuevos moldes es de 30 d\u00edas, no querr\u00e1 contar con que las muestras est\u00e9n en camino el 31st d\u00eda. Conseguir el producto correcto es nuestra primera preocupaci\u00f3n, y animamos a nuestros proveedores a que se tomen el tiempo para hacerlo bien para que no haya sorpresas desagradables cuando reciba su env\u00edo.<\/p>\n<p>En los pa\u00edses occidentales, a menudo podemos comprar cualquier cosa que queramos del mercado en cantidades tan bajas como una pieza. En China todav\u00eda no est\u00e1n all\u00ed, lo que significa que cuando hacen una muestra del primer art\u00edculo, es posible que necesiten usar colores u otras caracter\u00edsticas que est\u00e1n disponibles en el mercado; obtener una tirada personalizada de un material o color espec\u00edfico requiere una compra de gran volumen y muchos de los proveedores de materias primas no realizar\u00e1n tiradas peque\u00f1as.<\/p>\n<p>Esto significa que sus primeras muestras de art\u00edculos pueden estar hechas de diferentes colores o incluso de un material similar al de las piezas de producci\u00f3n final. La f\u00e1brica comunicar\u00e1 lo que tienen disponible para las primeras muestras de art\u00edculos. Dicho esto, siempre que tenga todos los detalles que se muestran en sus dibujos, la f\u00e1brica sabe que est\u00e1 obligada a proporcionar las piezas para imprimir, por lo que no debe preocuparse por el resultado final. El proceso de aprobaci\u00f3n puede parecer un poco diferente de lo que cabr\u00eda esperar cuando se trata de hacer despegar el producto.<\/p>\n<\/li>\n<li>\n<h3>Si Est\u00e1 En Los EE. UU.:<\/h3>\n<p>Seg\u00fan la ley de EE. UU., Todo producto importado de un pa\u00eds extranjero debe estar marcado con el pa\u00eds de origen. \u201cHecho en China\u201d o \u201cChina\u201d debe aparecer en el empaque individual y en las cajas maestras; para algunos art\u00edculos, se debe marcar \u201cHecho en China\u201d en el producto. La Aduana de EE. UU. Tiene regulaciones espec\u00edficas sobre c\u00f3mo los productos importados deben marcarse con el pa\u00eds de origen.<\/p>\n<p>Aunque nuestra f\u00e1brica imprimir\u00e1 &#8220;Hecho en China&#8221; en las cajas principales, necesitamos sus instrucciones sobre c\u00f3mo desea cualquier otro embalaje o pieza marcada con el pa\u00eds de origen. Si tiene alguna pregunta sobre c\u00f3mo se debe marcar su producto, comun\u00edquese con su agente de aduanas o con la oficina de aduanas de EE. UU. M\u00e1s cercana. El sitio web de la Aduana de EE. UU. <a href=\"https:\/\/www.cbp.gov\/contact\/ports\">(https:\/\/www.cbp.gov\/contact\/ports)<\/a> tiene los n\u00fameros de tel\u00e9fono y las direcciones de Todas las oficinas de Aduanas de los EE. UU. pueden impedirle recibir su env\u00edo si hay un producto que no est\u00e1 debidamente marcado.<\/p>\n<p>Algunos art\u00edculos, especialmente los electr\u00f3nicos de alta tecnolog\u00eda con l\u00e1ser (como los reproductores de CD) y las prendas de vestir, pueden tener ciertos problemas de restricciones \/ cuotas de importaci\u00f3n que requieren documentaci\u00f3n adicional. Consulte con su agente de aduanas si tiene alguna pregunta al respecto.<\/p>\n<\/li>\n<li>\n<h3>Cuando El Env\u00edo Est\u00e9 Listo:<\/h3>\n<p>Le ofrecemos dos opciones para la inspecci\u00f3n de calidad:<\/p>\n<ol>\n<li>La f\u00e1brica y nuestra empresa asociada realizar\u00e1n sus propias inspecciones por separado. Muchos de nuestros clientes siguen este camino.<\/li>\n<li>Ofrecemos un <a href=\"https:\/\/www.mgtrading.com\/inspections\/\"> servicio de inspecci\u00f3n independiente de terceros <\/a> por $350.00. Algunos de nuestros clientes que tienen piezas con requisitos cr\u00edticos de alta tolerancia prefieren esta ruta para asegurarse de que las piezas est\u00e9n hechas para imprimir.<\/li>\n<\/ol>\n<p>Una vez que haya firmado y aceptado que se puede realizar el env\u00edo, nuestra empresa asociada en China har\u00e1 que su empresa de env\u00edo realice el env\u00edo. Su agente de aduanas presentar\u00e1 la entrada ISF 24 horas antes de que el env\u00edo salga del puerto y estar\u00e1 en camino hacia usted.<\/p>\n<p>Una vez que el env\u00edo llega al puerto de aduanas, su agente de aduanas pasar\u00e1 el env\u00edo a trav\u00e9s de la Aduana de EE. UU. Y se encargar\u00e1 de llevar el env\u00edo a su puerta.<\/p>\n<\/li>\n<\/ol>\n<h4>P\u00f3ngase En Contacto Con Especialistas En Comercio Global<\/h4>\n<p>Si tiene un producto que le gustar\u00eda considerar importar desde China, <a href=\"https:\/\/www.mgtrading.com\/es\/contacto\/\">Cont\u00e1ctenos<\/a>. Hemos ayudado a cientos de empresas a hacer esto durante las \u00faltimas dos d\u00e9cadas.<\/p>\n","protected":false},"excerpt":{"rendered":"<p>Importar Productos de China Entonces, tiene un producto que desea importar de China y desea comprender c\u00f3mo comenzar el proceso. Este art\u00edculo le brindar\u00e1 los puntos clave que debe conocer acerca de&#8230;<\/p>\n","protected":false},"author":9,"featured_media":0,"parent":0,"menu_order":60,"comment_status":"closed","ping_status":"closed","template":"","meta":{"_acf_changed":false,"footnotes":""},"class_list":["post-5805","page","type-page","status-publish","hentry"],"acf":[],"yoast_head":"<!-- This site is optimized with the Yoast SEO plugin v27.2 - https:\/\/yoast.com\/product\/yoast-seo-wordpress\/ -->\n<title>Importar Productos de China - Global Trade Specialists<\/title>\n<meta name=\"robots\" content=\"index, follow, max-snippet:-1, max-image-preview:large, max-video-preview:-1\" \/>\n<link rel=\"canonical\" href=\"https:\/\/www.mgtrading.com\/es\/importar-productos-de-china\/\" \/>\n<meta property=\"og:locale\" content=\"es_ES\" \/>\n<meta property=\"og:type\" content=\"article\" \/>\n<meta property=\"og:title\" content=\"Importar Productos de China - Global Trade Specialists\" \/>\n<meta property=\"og:description\" content=\"Importar Productos de China Entonces, tiene un producto que desea importar de China y desea comprender c\u00f3mo comenzar el proceso. Este art\u00edculo le brindar\u00e1 los puntos clave que debe conocer acerca de...\" \/>\n<meta property=\"og:url\" content=\"https:\/\/www.mgtrading.com\/es\/importar-productos-de-china\/\" \/>\n<meta property=\"og:site_name\" content=\"Global Trade Specialists\" \/>\n<meta property=\"article:publisher\" content=\"https:\/\/www.facebook.com\/GlobalTradeSpecialistsInc\" \/>\n<meta property=\"article:modified_time\" content=\"2021-11-05T22:49:42+00:00\" \/>\n<meta property=\"og:image\" content=\"https:\/\/www.mgtrading.com\/wp-content\/uploads\/2018\/01\/Importing-From-China.jpg\" \/>\n<meta name=\"twitter:card\" content=\"summary_large_image\" \/>\n<meta name=\"twitter:label1\" content=\"Tiempo de lectura\" \/>\n\t<meta name=\"twitter:data1\" content=\"11 minutos\" \/>\n<script type=\"application\/ld+json\" class=\"yoast-schema-graph\">{\"@context\":\"https:\/\/schema.org\",\"@graph\":[{\"@type\":\"WebPage\",\"@id\":\"https:\/\/www.mgtrading.com\/es\/importar-productos-de-china\/\",\"url\":\"https:\/\/www.mgtrading.com\/es\/importar-productos-de-china\/\",\"name\":\"Importar Productos de China - Global Trade Specialists\",\"isPartOf\":{\"@id\":\"https:\/\/www.mgtrading.com\/es\/#website\"},\"primaryImageOfPage\":{\"@id\":\"https:\/\/www.mgtrading.com\/es\/importar-productos-de-china\/#primaryimage\"},\"image\":{\"@id\":\"https:\/\/www.mgtrading.com\/es\/importar-productos-de-china\/#primaryimage\"},\"thumbnailUrl\":\"https:\/\/www.mgtrading.com\/wp-content\/uploads\/2018\/01\/Importing-From-China.jpg\",\"datePublished\":\"2021-11-05T22:29:35+00:00\",\"dateModified\":\"2021-11-05T22:49:42+00:00\",\"breadcrumb\":{\"@id\":\"https:\/\/www.mgtrading.com\/es\/importar-productos-de-china\/#breadcrumb\"},\"inLanguage\":\"es\",\"potentialAction\":[{\"@type\":\"ReadAction\",\"target\":[\"https:\/\/www.mgtrading.com\/es\/importar-productos-de-china\/\"]}]},{\"@type\":\"ImageObject\",\"inLanguage\":\"es\",\"@id\":\"https:\/\/www.mgtrading.com\/es\/importar-productos-de-china\/#primaryimage\",\"url\":\"https:\/\/www.mgtrading.com\/wp-content\/uploads\/2018\/01\/Importing-From-China.jpg\",\"contentUrl\":\"https:\/\/www.mgtrading.com\/wp-content\/uploads\/2018\/01\/Importing-From-China.jpg\"},{\"@type\":\"BreadcrumbList\",\"@id\":\"https:\/\/www.mgtrading.com\/es\/importar-productos-de-china\/#breadcrumb\",\"itemListElement\":[{\"@type\":\"ListItem\",\"position\":1,\"name\":\"Home\",\"item\":\"https:\/\/www.mgtrading.com\/es\/\"},{\"@type\":\"ListItem\",\"position\":2,\"name\":\"Importar Productos de China\"}]},{\"@type\":\"WebSite\",\"@id\":\"https:\/\/www.mgtrading.com\/es\/#website\",\"url\":\"https:\/\/www.mgtrading.com\/es\/\",\"name\":\"Global Trade Specialists, Inc.\",\"description\":\"Source from Reliable China Manufacturing Companies.\",\"publisher\":{\"@id\":\"https:\/\/www.mgtrading.com\/es\/#organization\"},\"alternateName\":\"Global Trade Specialists\",\"potentialAction\":[{\"@type\":\"SearchAction\",\"target\":{\"@type\":\"EntryPoint\",\"urlTemplate\":\"https:\/\/www.mgtrading.com\/es\/?s={search_term_string}\"},\"query-input\":{\"@type\":\"PropertyValueSpecification\",\"valueRequired\":true,\"valueName\":\"search_term_string\"}}],\"inLanguage\":\"es\"},{\"@type\":\"Organization\",\"@id\":\"https:\/\/www.mgtrading.com\/es\/#organization\",\"name\":\"Global Trade Specialists, Inc.\",\"alternateName\":\"Global Trade Specialists\",\"url\":\"https:\/\/www.mgtrading.com\/es\/\",\"logo\":{\"@type\":\"ImageObject\",\"inLanguage\":\"es\",\"@id\":\"https:\/\/www.mgtrading.com\/es\/#\/schema\/logo\/image\/\",\"url\":\"https:\/\/www.mgtrading.com\/wp-content\/uploads\/GTS-Logo-square-1.jpg\",\"contentUrl\":\"https:\/\/www.mgtrading.com\/wp-content\/uploads\/GTS-Logo-square-1.jpg\",\"width\":400,\"height\":400,\"caption\":\"Global Trade Specialists, Inc.\"},\"image\":{\"@id\":\"https:\/\/www.mgtrading.com\/es\/#\/schema\/logo\/image\/\"},\"sameAs\":[\"https:\/\/www.facebook.com\/GlobalTradeSpecialistsInc\",\"https:\/\/www.linkedin.com\/company\/global-trade-specialists-inc-\/\",\"https:\/\/www.youtube.com\/channel\/UC_Y74m9kM8vu3Q-QDHQREog\"]}]}<\/script>\n<!-- \/ Yoast SEO plugin. -->","yoast_head_json":{"title":"Importar Productos de China - Global Trade Specialists","robots":{"index":"index","follow":"follow","max-snippet":"max-snippet:-1","max-image-preview":"max-image-preview:large","max-video-preview":"max-video-preview:-1"},"canonical":"https:\/\/www.mgtrading.com\/es\/importar-productos-de-china\/","og_locale":"es_ES","og_type":"article","og_title":"Importar Productos de China - Global Trade Specialists","og_description":"Importar Productos de China Entonces, tiene un producto que desea importar de China y desea comprender c\u00f3mo comenzar el proceso. Este art\u00edculo le brindar\u00e1 los puntos clave que debe conocer acerca de...","og_url":"https:\/\/www.mgtrading.com\/es\/importar-productos-de-china\/","og_site_name":"Global Trade Specialists","article_publisher":"https:\/\/www.facebook.com\/GlobalTradeSpecialistsInc","article_modified_time":"2021-11-05T22:49:42+00:00","og_image":[{"url":"https:\/\/www.mgtrading.com\/wp-content\/uploads\/2018\/01\/Importing-From-China.jpg","type":"","width":"","height":""}],"twitter_card":"summary_large_image","twitter_misc":{"Tiempo de lectura":"11 minutos"},"schema":{"@context":"https:\/\/schema.org","@graph":[{"@type":"WebPage","@id":"https:\/\/www.mgtrading.com\/es\/importar-productos-de-china\/","url":"https:\/\/www.mgtrading.com\/es\/importar-productos-de-china\/","name":"Importar Productos de China - Global Trade Specialists","isPartOf":{"@id":"https:\/\/www.mgtrading.com\/es\/#website"},"primaryImageOfPage":{"@id":"https:\/\/www.mgtrading.com\/es\/importar-productos-de-china\/#primaryimage"},"image":{"@id":"https:\/\/www.mgtrading.com\/es\/importar-productos-de-china\/#primaryimage"},"thumbnailUrl":"https:\/\/www.mgtrading.com\/wp-content\/uploads\/2018\/01\/Importing-From-China.jpg","datePublished":"2021-11-05T22:29:35+00:00","dateModified":"2021-11-05T22:49:42+00:00","breadcrumb":{"@id":"https:\/\/www.mgtrading.com\/es\/importar-productos-de-china\/#breadcrumb"},"inLanguage":"es","potentialAction":[{"@type":"ReadAction","target":["https:\/\/www.mgtrading.com\/es\/importar-productos-de-china\/"]}]},{"@type":"ImageObject","inLanguage":"es","@id":"https:\/\/www.mgtrading.com\/es\/importar-productos-de-china\/#primaryimage","url":"https:\/\/www.mgtrading.com\/wp-content\/uploads\/2018\/01\/Importing-From-China.jpg","contentUrl":"https:\/\/www.mgtrading.com\/wp-content\/uploads\/2018\/01\/Importing-From-China.jpg"},{"@type":"BreadcrumbList","@id":"https:\/\/www.mgtrading.com\/es\/importar-productos-de-china\/#breadcrumb","itemListElement":[{"@type":"ListItem","position":1,"name":"Home","item":"https:\/\/www.mgtrading.com\/es\/"},{"@type":"ListItem","position":2,"name":"Importar Productos de China"}]},{"@type":"WebSite","@id":"https:\/\/www.mgtrading.com\/es\/#website","url":"https:\/\/www.mgtrading.com\/es\/","name":"Global Trade Specialists, Inc.","description":"Source from Reliable China Manufacturing Companies.","publisher":{"@id":"https:\/\/www.mgtrading.com\/es\/#organization"},"alternateName":"Global Trade Specialists","potentialAction":[{"@type":"SearchAction","target":{"@type":"EntryPoint","urlTemplate":"https:\/\/www.mgtrading.com\/es\/?s={search_term_string}"},"query-input":{"@type":"PropertyValueSpecification","valueRequired":true,"valueName":"search_term_string"}}],"inLanguage":"es"},{"@type":"Organization","@id":"https:\/\/www.mgtrading.com\/es\/#organization","name":"Global Trade Specialists, Inc.","alternateName":"Global Trade Specialists","url":"https:\/\/www.mgtrading.com\/es\/","logo":{"@type":"ImageObject","inLanguage":"es","@id":"https:\/\/www.mgtrading.com\/es\/#\/schema\/logo\/image\/","url":"https:\/\/www.mgtrading.com\/wp-content\/uploads\/GTS-Logo-square-1.jpg","contentUrl":"https:\/\/www.mgtrading.com\/wp-content\/uploads\/GTS-Logo-square-1.jpg","width":400,"height":400,"caption":"Global Trade Specialists, Inc."},"image":{"@id":"https:\/\/www.mgtrading.com\/es\/#\/schema\/logo\/image\/"},"sameAs":["https:\/\/www.facebook.com\/GlobalTradeSpecialistsInc","https:\/\/www.linkedin.com\/company\/global-trade-specialists-inc-\/","https:\/\/www.youtube.com\/channel\/UC_Y74m9kM8vu3Q-QDHQREog"]}]}},"_links":{"self":[{"href":"https:\/\/www.mgtrading.com\/es\/wp-json\/wp\/v2\/pages\/5805","targetHints":{"allow":["GET"]}}],"collection":[{"href":"https:\/\/www.mgtrading.com\/es\/wp-json\/wp\/v2\/pages"}],"about":[{"href":"https:\/\/www.mgtrading.com\/es\/wp-json\/wp\/v2\/types\/page"}],"author":[{"embeddable":true,"href":"https:\/\/www.mgtrading.com\/es\/wp-json\/wp\/v2\/users\/9"}],"replies":[{"embeddable":true,"href":"https:\/\/www.mgtrading.com\/es\/wp-json\/wp\/v2\/comments?post=5805"}],"version-history":[{"count":0,"href":"https:\/\/www.mgtrading.com\/es\/wp-json\/wp\/v2\/pages\/5805\/revisions"}],"wp:attachment":[{"href":"https:\/\/www.mgtrading.com\/es\/wp-json\/wp\/v2\/media?parent=5805"}],"curies":[{"name":"wp","href":"https:\/\/api.w.org\/{rel}","templated":true}]}}