{"id":5793,"date":"2021-11-05T14:25:58","date_gmt":"2021-11-05T20:25:58","guid":{"rendered":"https:\/\/www.mgtrading.com\/?page_id=5793"},"modified":"2021-11-05T14:37:32","modified_gmt":"2021-11-05T20:37:32","slug":"contacto","status":"publish","type":"page","link":"https:\/\/www.mgtrading.com\/es\/contacto\/","title":{"rendered":"Contacto"},"content":{"rendered":"<h3>Para contactarnos, elija uno de los siguientes m\u00e9todos:<\/h3>\n<div id=\"attachment_4850\" style=\"width: 260px\" class=\"wp-caption alignright\"><img loading=\"lazy\" decoding=\"async\" aria-describedby=\"caption-attachment-4850\" src=\"https:\/\/www.mgtrading.com\/wp-content\/uploads\/chandler-office-xs.jpg\" alt=\"\" width=\"250\" height=\"173\" class=\"size-full wp-image-5646\" \/><\/p>\n<p id=\"caption-attachment-4850\" class=\"wp-caption-text\">Nuestra oficina<\/p>\n<\/div>\n<ul class=\"nolist\">\n<li><strong>US Tel\u00e9fono:<\/strong> <a href=\"tel:+14803725285\">480-372-5285<\/a><\/li>\n<li><strong>Complete y env\u00ede<\/strong> nuestro formulario en esta p\u00e1gina.<\/li>\n<li><strong>Fax:<\/strong> 480-562-4832<\/li>\n<li><strong>Correo:<\/strong> Env\u00ede sus dibujos y \/ o muestras a nuestra oficina:\n<ul>\n<li>Global Trade Specialists, Inc.<\/li>\n<li>912 W. Chandler Blvd.<br \/>Suite B-6<\/li>\n<li>Chandler, AZ 85225<\/li>\n<\/ul>\n<div class=\"clear\"><\/div>\n<\/li>\n<\/ul>\n<h3><strong>Para clientes en el Reino Unido y Europa<\/strong>, p\u00f3ngase en contacto con una de nuestras oficinas europeas:<\/h3>\n<ul>\n<li><strong>Global Trade Specialists, Europe<\/strong><br \/><a href=\"https:\/\/global-china-sourcing.com\/\" rel=\"noopener noreferrer\" target=\"_blank\">www.global-china-sourcing.com<\/a><\/li>\n<li>Tuchlauben 7a<\/li>\n<li>1010 Vienna<\/li>\n<li>Austria<\/li>\n<li><strong>Tel\u00e9fono<\/strong>: <a href=\"tel:+43069919220886\">(0043) (0) 699 19220886<\/a><br \/>\n<hr \/>\n<\/li>\n<li><strong>Global Trade Specialists, Italy<\/strong><\/li>\n<li><a href=\"https:\/\/reperiredallacina.it\/\" rel=\"noopener noreferrer\" target=\"_blank\">reperiredallacina.it<\/a><\/li>\n<li>Via Dei Cantastorie, 8<\/li>\n<li>41013 Castelfranco Emilia (MO)<\/li>\n<li>Italy<\/li>\n<li><strong>Tel\u00e9fono:<\/strong> <a href=\"tel:+393515431980\">39-351-5431980<\/a><\/li>\n<\/ul>\n","protected":false},"excerpt":{"rendered":"<p>Para contactarnos, elija uno de los siguientes m\u00e9todos: US Tel\u00e9fono: 480-372-5285 Complete y env\u00ede nuestro formulario en esta p\u00e1gina. Fax: 480-562-4832 Correo: Env\u00ede sus dibujos y \/ o muestras a nuestra oficina:&#8230;<\/p>\n","protected":false},"author":9,"featured_media":0,"parent":0,"menu_order":60,"comment_status":"closed","ping_status":"closed","template":"page-contact.php","meta":{"_acf_changed":false,"footnotes":""},"class_list":["post-5793","page","type-page","status-publish","hentry"],"acf":[],"yoast_head":"<!-- This site is optimized with the Yoast SEO plugin v27.2 - https:\/\/yoast.com\/product\/yoast-seo-wordpress\/ -->\n<title>Contacto - Global Trade Specialists<\/title>\n<meta name=\"robots\" content=\"index, follow, max-snippet:-1, max-image-preview:large, max-video-preview:-1\" \/>\n<link rel=\"canonical\" href=\"https:\/\/www.mgtrading.com\/es\/contacto\/\" \/>\n<meta property=\"og:locale\" content=\"es_ES\" \/>\n<meta property=\"og:type\" content=\"article\" \/>\n<meta property=\"og:title\" content=\"Contacto - Global Trade Specialists\" \/>\n<meta property=\"og:description\" content=\"Para contactarnos, elija uno de los siguientes m\u00e9todos: US Tel\u00e9fono: 480-372-5285 Complete y env\u00ede nuestro formulario en esta p\u00e1gina. Fax: 480-562-4832 Correo: Env\u00ede sus dibujos y \/ o muestras a nuestra oficina:...\" \/>\n<meta property=\"og:url\" content=\"https:\/\/www.mgtrading.com\/es\/contacto\/\" \/>\n<meta property=\"og:site_name\" content=\"Global Trade Specialists\" \/>\n<meta property=\"article:publisher\" content=\"https:\/\/www.facebook.com\/GlobalTradeSpecialistsInc\" \/>\n<meta property=\"article:modified_time\" content=\"2021-11-05T20:37:32+00:00\" \/>\n<meta property=\"og:image\" content=\"https:\/\/www.mgtrading.com\/wp-content\/uploads\/chandler-office-xs.jpg\" \/>\n<meta name=\"twitter:card\" content=\"summary_large_image\" \/>\n<meta name=\"twitter:label1\" content=\"Tiempo de lectura\" \/>\n\t<meta name=\"twitter:data1\" content=\"1 minuto\" \/>\n<script type=\"application\/ld+json\" class=\"yoast-schema-graph\">{\"@context\":\"https:\/\/schema.org\",\"@graph\":[{\"@type\":\"WebPage\",\"@id\":\"https:\/\/www.mgtrading.com\/es\/contacto\/\",\"url\":\"https:\/\/www.mgtrading.com\/es\/contacto\/\",\"name\":\"Contacto - Global Trade Specialists\",\"isPartOf\":{\"@id\":\"https:\/\/www.mgtrading.com\/es\/#website\"},\"primaryImageOfPage\":{\"@id\":\"https:\/\/www.mgtrading.com\/es\/contacto\/#primaryimage\"},\"image\":{\"@id\":\"https:\/\/www.mgtrading.com\/es\/contacto\/#primaryimage\"},\"thumbnailUrl\":\"https:\/\/www.mgtrading.com\/wp-content\/uploads\/chandler-office-xs.jpg\",\"datePublished\":\"2021-11-05T20:25:58+00:00\",\"dateModified\":\"2021-11-05T20:37:32+00:00\",\"breadcrumb\":{\"@id\":\"https:\/\/www.mgtrading.com\/es\/contacto\/#breadcrumb\"},\"inLanguage\":\"es\",\"potentialAction\":[{\"@type\":\"ReadAction\",\"target\":[\"https:\/\/www.mgtrading.com\/es\/contacto\/\"]}]},{\"@type\":\"ImageObject\",\"inLanguage\":\"es\",\"@id\":\"https:\/\/www.mgtrading.com\/es\/contacto\/#primaryimage\",\"url\":\"https:\/\/www.mgtrading.com\/wp-content\/uploads\/chandler-office-xs.jpg\",\"contentUrl\":\"https:\/\/www.mgtrading.com\/wp-content\/uploads\/chandler-office-xs.jpg\"},{\"@type\":\"BreadcrumbList\",\"@id\":\"https:\/\/www.mgtrading.com\/es\/contacto\/#breadcrumb\",\"itemListElement\":[{\"@type\":\"ListItem\",\"position\":1,\"name\":\"Home\",\"item\":\"https:\/\/www.mgtrading.com\/es\/\"},{\"@type\":\"ListItem\",\"position\":2,\"name\":\"Contacto\"}]},{\"@type\":\"WebSite\",\"@id\":\"https:\/\/www.mgtrading.com\/es\/#website\",\"url\":\"https:\/\/www.mgtrading.com\/es\/\",\"name\":\"Global Trade Specialists, Inc.\",\"description\":\"Source from Reliable China Manufacturing Companies.\",\"publisher\":{\"@id\":\"https:\/\/www.mgtrading.com\/es\/#organization\"},\"alternateName\":\"Global Trade Specialists\",\"potentialAction\":[{\"@type\":\"SearchAction\",\"target\":{\"@type\":\"EntryPoint\",\"urlTemplate\":\"https:\/\/www.mgtrading.com\/es\/?s={search_term_string}\"},\"query-input\":{\"@type\":\"PropertyValueSpecification\",\"valueRequired\":true,\"valueName\":\"search_term_string\"}}],\"inLanguage\":\"es\"},{\"@type\":\"Organization\",\"@id\":\"https:\/\/www.mgtrading.com\/es\/#organization\",\"name\":\"Global Trade Specialists, Inc.\",\"alternateName\":\"Global Trade Specialists\",\"url\":\"https:\/\/www.mgtrading.com\/es\/\",\"logo\":{\"@type\":\"ImageObject\",\"inLanguage\":\"es\",\"@id\":\"https:\/\/www.mgtrading.com\/es\/#\/schema\/logo\/image\/\",\"url\":\"https:\/\/www.mgtrading.com\/wp-content\/uploads\/GTS-Logo-square-1.jpg\",\"contentUrl\":\"https:\/\/www.mgtrading.com\/wp-content\/uploads\/GTS-Logo-square-1.jpg\",\"width\":400,\"height\":400,\"caption\":\"Global Trade Specialists, Inc.\"},\"image\":{\"@id\":\"https:\/\/www.mgtrading.com\/es\/#\/schema\/logo\/image\/\"},\"sameAs\":[\"https:\/\/www.facebook.com\/GlobalTradeSpecialistsInc\",\"https:\/\/www.linkedin.com\/company\/global-trade-specialists-inc-\/\",\"https:\/\/www.youtube.com\/channel\/UC_Y74m9kM8vu3Q-QDHQREog\"]}]}<\/script>\n<!-- \/ Yoast SEO plugin. -->","yoast_head_json":{"title":"Contacto - Global Trade Specialists","robots":{"index":"index","follow":"follow","max-snippet":"max-snippet:-1","max-image-preview":"max-image-preview:large","max-video-preview":"max-video-preview:-1"},"canonical":"https:\/\/www.mgtrading.com\/es\/contacto\/","og_locale":"es_ES","og_type":"article","og_title":"Contacto - Global Trade Specialists","og_description":"Para contactarnos, elija uno de los siguientes m\u00e9todos: US Tel\u00e9fono: 480-372-5285 Complete y env\u00ede nuestro formulario en esta p\u00e1gina. Fax: 480-562-4832 Correo: Env\u00ede sus dibujos y \/ o muestras a nuestra oficina:...","og_url":"https:\/\/www.mgtrading.com\/es\/contacto\/","og_site_name":"Global Trade Specialists","article_publisher":"https:\/\/www.facebook.com\/GlobalTradeSpecialistsInc","article_modified_time":"2021-11-05T20:37:32+00:00","og_image":[{"url":"https:\/\/www.mgtrading.com\/wp-content\/uploads\/chandler-office-xs.jpg","type":"","width":"","height":""}],"twitter_card":"summary_large_image","twitter_misc":{"Tiempo de lectura":"1 minuto"},"schema":{"@context":"https:\/\/schema.org","@graph":[{"@type":"WebPage","@id":"https:\/\/www.mgtrading.com\/es\/contacto\/","url":"https:\/\/www.mgtrading.com\/es\/contacto\/","name":"Contacto - Global Trade Specialists","isPartOf":{"@id":"https:\/\/www.mgtrading.com\/es\/#website"},"primaryImageOfPage":{"@id":"https:\/\/www.mgtrading.com\/es\/contacto\/#primaryimage"},"image":{"@id":"https:\/\/www.mgtrading.com\/es\/contacto\/#primaryimage"},"thumbnailUrl":"https:\/\/www.mgtrading.com\/wp-content\/uploads\/chandler-office-xs.jpg","datePublished":"2021-11-05T20:25:58+00:00","dateModified":"2021-11-05T20:37:32+00:00","breadcrumb":{"@id":"https:\/\/www.mgtrading.com\/es\/contacto\/#breadcrumb"},"inLanguage":"es","potentialAction":[{"@type":"ReadAction","target":["https:\/\/www.mgtrading.com\/es\/contacto\/"]}]},{"@type":"ImageObject","inLanguage":"es","@id":"https:\/\/www.mgtrading.com\/es\/contacto\/#primaryimage","url":"https:\/\/www.mgtrading.com\/wp-content\/uploads\/chandler-office-xs.jpg","contentUrl":"https:\/\/www.mgtrading.com\/wp-content\/uploads\/chandler-office-xs.jpg"},{"@type":"BreadcrumbList","@id":"https:\/\/www.mgtrading.com\/es\/contacto\/#breadcrumb","itemListElement":[{"@type":"ListItem","position":1,"name":"Home","item":"https:\/\/www.mgtrading.com\/es\/"},{"@type":"ListItem","position":2,"name":"Contacto"}]},{"@type":"WebSite","@id":"https:\/\/www.mgtrading.com\/es\/#website","url":"https:\/\/www.mgtrading.com\/es\/","name":"Global Trade Specialists, Inc.","description":"Source from Reliable China Manufacturing Companies.","publisher":{"@id":"https:\/\/www.mgtrading.com\/es\/#organization"},"alternateName":"Global Trade Specialists","potentialAction":[{"@type":"SearchAction","target":{"@type":"EntryPoint","urlTemplate":"https:\/\/www.mgtrading.com\/es\/?s={search_term_string}"},"query-input":{"@type":"PropertyValueSpecification","valueRequired":true,"valueName":"search_term_string"}}],"inLanguage":"es"},{"@type":"Organization","@id":"https:\/\/www.mgtrading.com\/es\/#organization","name":"Global Trade Specialists, Inc.","alternateName":"Global Trade Specialists","url":"https:\/\/www.mgtrading.com\/es\/","logo":{"@type":"ImageObject","inLanguage":"es","@id":"https:\/\/www.mgtrading.com\/es\/#\/schema\/logo\/image\/","url":"https:\/\/www.mgtrading.com\/wp-content\/uploads\/GTS-Logo-square-1.jpg","contentUrl":"https:\/\/www.mgtrading.com\/wp-content\/uploads\/GTS-Logo-square-1.jpg","width":400,"height":400,"caption":"Global Trade Specialists, Inc."},"image":{"@id":"https:\/\/www.mgtrading.com\/es\/#\/schema\/logo\/image\/"},"sameAs":["https:\/\/www.facebook.com\/GlobalTradeSpecialistsInc","https:\/\/www.linkedin.com\/company\/global-trade-specialists-inc-\/","https:\/\/www.youtube.com\/channel\/UC_Y74m9kM8vu3Q-QDHQREog"]}]}},"_links":{"self":[{"href":"https:\/\/www.mgtrading.com\/es\/wp-json\/wp\/v2\/pages\/5793","targetHints":{"allow":["GET"]}}],"collection":[{"href":"https:\/\/www.mgtrading.com\/es\/wp-json\/wp\/v2\/pages"}],"about":[{"href":"https:\/\/www.mgtrading.com\/es\/wp-json\/wp\/v2\/types\/page"}],"author":[{"embeddable":true,"href":"https:\/\/www.mgtrading.com\/es\/wp-json\/wp\/v2\/users\/9"}],"replies":[{"embeddable":true,"href":"https:\/\/www.mgtrading.com\/es\/wp-json\/wp\/v2\/comments?post=5793"}],"version-history":[{"count":0,"href":"https:\/\/www.mgtrading.com\/es\/wp-json\/wp\/v2\/pages\/5793\/revisions"}],"wp:attachment":[{"href":"https:\/\/www.mgtrading.com\/es\/wp-json\/wp\/v2\/media?parent=5793"}],"curies":[{"name":"wp","href":"https:\/\/api.w.org\/{rel}","templated":true}]}}