{"id":5789,"date":"2021-11-05T14:14:18","date_gmt":"2021-11-05T20:14:18","guid":{"rendered":"https:\/\/www.mgtrading.com\/?page_id=5789"},"modified":"2021-11-05T14:18:05","modified_gmt":"2021-11-05T20:18:05","slug":"como-fabricar-con-exito-un-producto-en-china","status":"publish","type":"page","link":"https:\/\/www.mgtrading.com\/es\/como-fabricar-con-exito-un-producto-en-china\/","title":{"rendered":"C\u00f3mo Fabricar Con \u00c9xito Un Producto En China"},"content":{"rendered":"<p><img loading=\"lazy\" decoding=\"async\" src=\"https:\/\/www.mgtrading.com\/wp-content\/uploads\/2017\/10\/how-to-get-a-product-made-in-china-1.jpg\" alt=\"How to Get a Product Made in China\" width=\"350\" height=\"211\" class=\"alignright size-full wp-image-3919\" \/> <strong>Conseguir un producto fabricado en China<\/strong> no es dif\u00edcil si conoce los pasos correctos a seguir.<\/p>\n<p>Es esencial que tenga la documentaci\u00f3n completa y lista para la producci\u00f3n y un agente de abastecimiento calificado que pueda encontrar r\u00e1pidamente la f\u00e1brica adecuada, negociar precios e inspeccionar el pedido antes del env\u00edo.<\/p>\n<p>En este art\u00edculo, el experimentado <a href=\"https:\/\/www.mgtrading.com\/china-product-sourcing-agent\/\">agente de abastecimiento de China<\/a>, Mike Genung, explicar\u00e1 los aspectos m\u00e1s cr\u00edticos para fabricar con \u00e9xito su producto en China.<\/p>\n<div class=\"clear\"><\/div>\n<div style=\"background-color:#f7f7f7; padding: 10px 10px 10px 20px;margin-top:20px;\">\n<h4 style=\"padding-top: 32px;padding-top:32px; font-size:24px\">C\u00f3mo Hacer Que Un Producto Se Fabrique En China &#8211; Contenido Del Art\u00edculo:<\/h4>\n<ul>\n<li><a href=\"https:\/\/www.mgtrading.com\/getting-your-product-made-in-china\/#mistake\">El Error N\u00famero Uno Que Cometen Los Primeros Importadores De China<\/a><\/li>\n<p><\/p>\n<li><a href=\"https:\/\/www.mgtrading.com\/getting-your-product-made-in-china\/#find\">C\u00f3mo Encontrar El Fabricante Adecuado En China<\/a><\/li>\n<p><\/p>\n<li><a href=\"https:\/\/www.mgtrading.com\/getting-your-product-made-in-china\/#next\">Los Pr\u00f3ximos Pasos Hacia La Fabricaci\u00f3n En China<\/a><\/li>\n<p><\/p>\n<li><a href=\"https:\/\/www.mgtrading.com\/getting-your-product-made-in-china\/#price\">Por Qu\u00e9 El Precio No Debe Ser La \u00danica Consideraci\u00f3n Al Fabricar Un Producto En China<\/a><\/li>\n<p><\/p>\n<li><a href=\"https:\/\/www.mgtrading.com\/getting-your-product-made-in-china\/#start\">\u00bfListo Para Fabricar Tu Producto En China?<\/a><\/li>\n<\/ul>\n<\/div>\n<h2 id=\"mistake\">El Error N\u00famero Uno Que Cometen Los Primeros Importadores De China&#8230;<\/h2>\n<p>El error m\u00e1s com\u00fan no tiene nada que ver con cu\u00e1l fue la f\u00e1brica china que eligieron, o c\u00f3mo buscaron un proveedor. M\u00e1s bien, es una falla en tener un prototipo detallado, probado, y listo para fabricar, con dibujos de ingenier\u00eda para todas las partes de su producto.<\/p>\n<p>Ir a una f\u00e1brica para fabricar su producto en China <em> sin dibujos detallados <\/em> es como jugar a la ruleta rusa con cinco balas en la rec\u00e1mara; las posibilidades de que estalle en tu cara son altas. Es fundamental que haya trabajado con un ingeniero, haya creado dibujos, haya probado esos dibujos haciendo un prototipo completo de su producto y luego haya realizado los cambios necesarios en los dibujos para finalizarlos.<\/p>\n<p>Cuando se trata de fabricar productos en China, le conviene que todos los detalles se muestren claramente en los dibujos del ingeniero, incluidas todas las dimensiones, tolerancias, requisitos de acabado, materiales y embalaje.<\/p>\n<p>Por ejemplo, hemos recibido dibujos que solo mostraban &#8220;pl\u00e1stico&#8221; como material. Hay muchos tipos diferentes de pl\u00e1stico; PP (polipropileno), PVC (cloruro de polivinilo), PET (tereftalato de polietileno), PE (polietileno) y PC (policarbonato) son solo algunos. Todos tienen diferentes caracter\u00edsticas de desgaste, dureza y acabado. Tambi\u00e9n hay pl\u00e1sticos de calidad alimentaria.<\/p>\n<p>Lo mismo ocurre con los metales. Recibimos dibujos que solo mostraban &#8220;aluminio&#8221;, pero hay muchos grados diferentes de aluminio con diferentes resistencias a la tracci\u00f3n, niveles de pureza, mecanizado y caracter\u00edsticas de acabado.<\/p>\n<p>Si no especifica qu\u00e9 materiales desea con anticipaci\u00f3n, un fabricante chino utilizar\u00e1 lo que tenga m\u00e1s f\u00e1cilmente disponible (y probablemente, el m\u00e1s barato), lo que aumentar\u00e1 las posibilidades de que reciba un material de baja calidad y no lo sea. feliz con los resultados.<\/p>\n<p>Querr\u00e1 un conjunto completo y escrito de est\u00e1ndares objetivos para su producto del que pueda responsabilizar a la f\u00e1brica. Si fabrican el producto con materiales que no especific\u00f3 en sus dibujos, o si las dimensiones est\u00e1n fuera de tolerancia, la f\u00e1brica china es responsable de reemplazar las piezas o compensarlo.<\/p>\n<p>Si necesita dibujos o un prototipo, ofrecemos <a href=\"https:\/\/www.mgtrading.com\/prototyping\/\">ingenier\u00eda y prototipos<\/a> como parte de nuestros servicios. Nuestro ingeniero trabajar\u00e1 con usted para obtener los dibujos y el prototipo correctos, de modo que cuando enviemos sus dibujos a una f\u00e1brica en China, pueda estar seguro de que est\u00e1 listo para fabricar su producto.<\/p>\n<p>Por supuesto, si el producto que desea fabricar en China es algo simple como un oso de peluche, una muestra ser\u00e1 suficiente y no necesitar\u00e1 dibujos. O si desea que encontremos un producto existente que est\u00e9 ampliamente disponible en China, como una unidad flash, hecha con un estilo determinado, las im\u00e1genes que muestren el estilo ser\u00e1n suficientes.<\/p>\n<p>Recuerde especificar sus requisitos de empaque. Si desea que se hagan empaques personalizados, la f\u00e1brica necesitar\u00e1 archivos gr\u00e1ficos, preferiblemente en archivos PDF y AI (Adobe Illustrator). Querr\u00e1 trabajar con un artista gr\u00e1fico profesional para crear el dise\u00f1o de su paquete y la obra de arte.<\/p>\n<h2 id=\"find\">C\u00f3mo Encontrar El Fabricante Adecuado En China<\/h2>\n<p><img loading=\"lazy\" decoding=\"async\" src=\"https:\/\/www.mgtrading.com\/wp-content\/uploads\/2016\/09\/product-manufacturers-in-china.jpg\" alt=\"product-manufacturers-in-china\" width=\"510\" height=\"472\" class=\"aligncenter size-full wp-image-3909\" \/><\/p>\n<p>Una vez que tengamos sus dibujos y \/ o prototipo, nuestro rol es ubicar la mejor f\u00e1brica para su proyecto en China. Tenemos tres empresas asociadas, ubicadas en Qingdao, Ningbo y Shenzhen, que nos brindan un acceso r\u00e1pido y f\u00e1cil a la base industrial de China, la mayor parte de la cual se encuentra a lo largo de su costa este.<\/p>\n<p>Colocaremos su proyecto con uno de esos grupos de socios, y ellos se pondr\u00e1n a trabajar para precalificar la mejor f\u00e1brica para su proyecto. Una vez que tengan una f\u00e1brica en mente, enviar\u00e1n sus dibujos para solicitar un presupuesto.<\/p>\n<h2 id=\"next\">Los Pr\u00f3ximos Pasos Hacia La Fabricaci\u00f3n En China<\/h2>\n<p>Nuestra cotizaci\u00f3n incluir\u00e1 los costos de moldes o herramientas, en caso de que sean necesarios, el costo de fabricaci\u00f3n y env\u00edo de una muestra por v\u00eda a\u00e9rea, la cantidad m\u00ednima de pedido y el precio por pieza. A menos que sus piezas sean muy peque\u00f1as y livianas y puedan enviarse por aire de manera competitiva, nuestro procedimiento est\u00e1ndar es incluir el costo del transporte mar\u00edtimo con la pieza. Los env\u00edos de carga mar\u00edtima son sustancialmente menos costosos que los env\u00edos a\u00e9reos y es la forma en que se realizan la mayor\u00eda de los env\u00edos de importaci\u00f3n.<\/p>\n<p>Si, despu\u00e9s de recibir nuestra cotizaci\u00f3n, desea continuar con la producci\u00f3n, debe realizar una orden de compra para el ciclo de producci\u00f3n y los moldes o herramientas que estar\u00e1n sujetos a la aprobaci\u00f3n de la muestra. Se requerir\u00eda un dep\u00f3sito del 50% para los moldes o herramientas, adem\u00e1s del costo de la muestra, y la f\u00e1brica producir\u00eda muestras de producci\u00f3n del primer art\u00edculo para su aprobaci\u00f3n.<\/p>\n<p><em><strong>Nota:<\/strong> Nunca debe pagar un dep\u00f3sito del 100% por ning\u00fan pedido desde China, sin que lo vea, especialmente si es necesario fabricar nuevos moldes. Por lo general, es una mala se\u00f1al de que algo podr\u00eda estar mal en el otro extremo, como que la f\u00e1brica tenga un problema de flujo de efectivo o tenga la intenci\u00f3n de tomar su dinero y salir corriendo. Algunos clientes nos dijeron que pagaron un dep\u00f3sito del 100% y luego la f\u00e1brica china desapareci\u00f3 o quebr\u00f3.<\/em><\/p>\n<p>Una vez que haya recibido las muestras de producci\u00f3n, aseg\u00farese de probarlas minuciosamente para determinar su ajuste, funci\u00f3n y acabado. Lo que ve es lo que obtendr\u00e1 en producci\u00f3n, por lo que es fundamental que pruebe minuciosamente la muestra para detectar cualquier defecto.<\/p>\n<p>Una vez que apruebe la muestra, el saldo del 50% de los moldes o herramientas se conectar\u00e1 a China, junto con un dep\u00f3sito del 30% para la producci\u00f3n de piezas.<\/p>\n<p>Durante todo este proceso de fabricaci\u00f3n en China, nuestra empresa y nuestro socio en China estar\u00e1n \u00edntimamente involucrados, trabajando con la f\u00e1brica seg\u00fan sea necesario para asegurar que el producto est\u00e9 fabricado seg\u00fan las especificaciones. Ocasionalmente, una f\u00e1brica puede volver con una pregunta sobre un ajuste que les facilitar\u00eda la producci\u00f3n del producto, como si hubiera un problema con la l\u00ednea de separaci\u00f3n o la expulsi\u00f3n de las piezas del molde. Trabajaremos con usted para ajustar el dise\u00f1o seg\u00fan sea necesario y obtener su aprobaci\u00f3n para cualquier cambio que la f\u00e1brica pueda haber solicitado.<\/p>\n<p>Una vez que el ciclo de producci\u00f3n est\u00e9 listo, nuestra empresa asociada en China realizar\u00e1 una inspecci\u00f3n general de su pedido, que se sumar\u00e1 a los procesos de inspecci\u00f3n de calidad propios de la f\u00e1brica. Tambi\u00e9n le ofrecemos la opci\u00f3n de que una empresa de inspecci\u00f3n externa independiente venga a inspeccionar el env\u00edo por un cargo adicional. La empresa de inspecci\u00f3n le proporcionar\u00eda un informe escrito completo que incluir\u00eda fotograf\u00edas. Algunos de nuestros clientes utilizan este servicio para cada env\u00edo porque les gusta la tranquilidad que les brinda cuando la inspecci\u00f3n la realiza personal imparcial.<\/p>\n<p>Una vez que haya firmado el env\u00edo, el pago se remitir\u00e1 a China por el saldo del pedido y nuestra empresa asociada le enviar\u00e1 el env\u00edo.<\/p>\n<h2 id=\"price\">Por Qu\u00e9 El Precio No Debe Ser La \u00danica Consideraci\u00f3n Al Fabricar Un Producto En China<\/h2>\n<blockquote><p>El amargor de la mala calidad permanece mucho tiempo despu\u00e9s de que se olvida el dulzor de los precios bajos.<br \/>\n&#8212; Benjamin Franklin<\/p><\/blockquote>\n<p>Hay muchas f\u00e1bricas disponibles en China que pueden fabricar un producto por unos centavos menos que el otro. Pero si no pueden entregar un producto de <em>calidad<\/em> a tiempo, el precio se vuelve irrelevante. Si negocia un buen precio pero obtiene un contenedor lleno de basura, pierde.<\/p>\n<p>Es por eso que nuestro enfoque principal para ayudar a nuestros clientes a fabricar sus productos en China es ubicar una f\u00e1brica confiable que pueda entregar productos de calidad a tiempo. Nuestra gente en China trabaja arduamente para negociar precios competitivos para usted; es solo que el precio no es la \u00fanica consideraci\u00f3n.<\/p>\n<p>Nuestro enfoque para hacer que su producto se fabrique en China no es raspar el fondo del barril para encontrar una f\u00e1brica que cotice el precio &#8220;que desea escuchar&#8221; a toda costa. A lo largo de los a\u00f1os, hemos visto que no es raro que un fabricante chino cotice un precio bajo para obtener un pedido y luego &#8230; las cosas comienzan a ir mal.<\/p>\n<p>El producto no se entrega a tiempo o, si lo es, la calidad no cumple con las expectativas del cliente. O, en casos extremos, el fabricante no entrega nada.<\/p>\n<p>La empresa que importa un producto de calidad al mejor precio con tiempos de entrega fiables, gana. Aquellos que se centran \u00fanicamente en el precio, corren riesgos.<\/p>\n<p><strong>Nuestro papel es ayudarlo a ser un ganador.<\/strong><\/p>\n<h3 id=\"start\">\u00bfListo Para Fabricar Tu Producto En China?<\/h3>\n<p>El siguiente paso es proporcionarnos informaci\u00f3n, impresiones y \/ o una muestra de su producto. Partiremos de ah\u00ed y le mostraremos <strong> c\u00f3mo fabricar en China <\/strong> en cada paso del camino.<\/p>\n<p>Nuestras p\u00e1ginas de <a title=\"New Product Development; Engineering &amp; Prototyping\" href=\"https:\/\/www.mgtrading.com\/new-products\/\">&#8220;Desarrollo de Nuevos Productos&#8221;<\/a> e <a title=\"Importing from China\" href=\"https:\/\/www.mgtrading.com\/import-from-china\/\">&#8220;Importaci\u00f3n desde China&#8221;<\/a> brindan informaci\u00f3n m\u00e1s detallada sobre el proceso de fabricaci\u00f3n de su producto en China y c\u00f3mo importarlo desde China.<\/p>\n<p><em><a title=\"Contact Us\" href=\"https:\/\/www.mgtrading.com\/contactus\/\">Cont\u00e1ctenos<\/a> para obtener respuestas a sus preguntas sobre c\u00f3mo fabricar su producto en China y aprender c\u00f3mo podemos comenzar el proceso de fabricaci\u00f3n de su producto en China.<\/em><\/p>\n","protected":false},"excerpt":{"rendered":"<p>Conseguir un producto fabricado en China no es dif\u00edcil si conoce los pasos correctos a seguir. Es esencial que tenga la documentaci\u00f3n completa y lista para la producci\u00f3n y un agente de&#8230;<\/p>\n","protected":false},"author":9,"featured_media":0,"parent":0,"menu_order":10,"comment_status":"closed","ping_status":"closed","template":"","meta":{"_acf_changed":false,"footnotes":""},"class_list":["post-5789","page","type-page","status-publish","hentry"],"acf":[],"yoast_head":"<!-- This site is optimized with the Yoast SEO plugin v27.2 - https:\/\/yoast.com\/product\/yoast-seo-wordpress\/ -->\n<title>C\u00f3mo Fabricar Con \u00c9xito Un Producto En China - Global Trade Specialists<\/title>\n<meta name=\"robots\" content=\"index, follow, max-snippet:-1, max-image-preview:large, max-video-preview:-1\" \/>\n<link rel=\"canonical\" href=\"https:\/\/www.mgtrading.com\/es\/como-fabricar-con-exito-un-producto-en-china\/\" \/>\n<meta property=\"og:locale\" content=\"es_ES\" \/>\n<meta property=\"og:type\" content=\"article\" \/>\n<meta property=\"og:title\" content=\"C\u00f3mo Fabricar Con \u00c9xito Un Producto En China - Global Trade Specialists\" \/>\n<meta property=\"og:description\" content=\"Conseguir un producto fabricado en China no es dif\u00edcil si conoce los pasos correctos a seguir. Es esencial que tenga la documentaci\u00f3n completa y lista para la producci\u00f3n y un agente de...\" \/>\n<meta property=\"og:url\" content=\"https:\/\/www.mgtrading.com\/es\/como-fabricar-con-exito-un-producto-en-china\/\" \/>\n<meta property=\"og:site_name\" content=\"Global Trade Specialists\" \/>\n<meta property=\"article:publisher\" content=\"https:\/\/www.facebook.com\/GlobalTradeSpecialistsInc\" \/>\n<meta property=\"article:modified_time\" content=\"2021-11-05T20:18:05+00:00\" \/>\n<meta property=\"og:image\" content=\"https:\/\/www.mgtrading.com\/wp-content\/uploads\/2017\/10\/how-to-get-a-product-made-in-china-1.jpg\" \/>\n<meta name=\"twitter:card\" content=\"summary_large_image\" \/>\n<meta name=\"twitter:label1\" content=\"Tiempo de lectura\" \/>\n\t<meta name=\"twitter:data1\" content=\"9 minutos\" \/>\n<script type=\"application\/ld+json\" class=\"yoast-schema-graph\">{\"@context\":\"https:\/\/schema.org\",\"@graph\":[{\"@type\":\"WebPage\",\"@id\":\"https:\/\/www.mgtrading.com\/es\/como-fabricar-con-exito-un-producto-en-china\/\",\"url\":\"https:\/\/www.mgtrading.com\/es\/como-fabricar-con-exito-un-producto-en-china\/\",\"name\":\"C\u00f3mo Fabricar Con \u00c9xito Un Producto En China - Global Trade Specialists\",\"isPartOf\":{\"@id\":\"https:\/\/www.mgtrading.com\/es\/#website\"},\"primaryImageOfPage\":{\"@id\":\"https:\/\/www.mgtrading.com\/es\/como-fabricar-con-exito-un-producto-en-china\/#primaryimage\"},\"image\":{\"@id\":\"https:\/\/www.mgtrading.com\/es\/como-fabricar-con-exito-un-producto-en-china\/#primaryimage\"},\"thumbnailUrl\":\"https:\/\/www.mgtrading.com\/wp-content\/uploads\/2017\/10\/how-to-get-a-product-made-in-china-1.jpg\",\"datePublished\":\"2021-11-05T20:14:18+00:00\",\"dateModified\":\"2021-11-05T20:18:05+00:00\",\"breadcrumb\":{\"@id\":\"https:\/\/www.mgtrading.com\/es\/como-fabricar-con-exito-un-producto-en-china\/#breadcrumb\"},\"inLanguage\":\"es\",\"potentialAction\":[{\"@type\":\"ReadAction\",\"target\":[\"https:\/\/www.mgtrading.com\/es\/como-fabricar-con-exito-un-producto-en-china\/\"]}]},{\"@type\":\"ImageObject\",\"inLanguage\":\"es\",\"@id\":\"https:\/\/www.mgtrading.com\/es\/como-fabricar-con-exito-un-producto-en-china\/#primaryimage\",\"url\":\"https:\/\/www.mgtrading.com\/wp-content\/uploads\/2017\/10\/how-to-get-a-product-made-in-china-1.jpg\",\"contentUrl\":\"https:\/\/www.mgtrading.com\/wp-content\/uploads\/2017\/10\/how-to-get-a-product-made-in-china-1.jpg\"},{\"@type\":\"BreadcrumbList\",\"@id\":\"https:\/\/www.mgtrading.com\/es\/como-fabricar-con-exito-un-producto-en-china\/#breadcrumb\",\"itemListElement\":[{\"@type\":\"ListItem\",\"position\":1,\"name\":\"Home\",\"item\":\"https:\/\/www.mgtrading.com\/es\/\"},{\"@type\":\"ListItem\",\"position\":2,\"name\":\"C\u00f3mo Fabricar Con \u00c9xito Un Producto En China\"}]},{\"@type\":\"WebSite\",\"@id\":\"https:\/\/www.mgtrading.com\/es\/#website\",\"url\":\"https:\/\/www.mgtrading.com\/es\/\",\"name\":\"Global Trade Specialists, Inc.\",\"description\":\"Source from Reliable China Manufacturing Companies.\",\"publisher\":{\"@id\":\"https:\/\/www.mgtrading.com\/es\/#organization\"},\"alternateName\":\"Global Trade Specialists\",\"potentialAction\":[{\"@type\":\"SearchAction\",\"target\":{\"@type\":\"EntryPoint\",\"urlTemplate\":\"https:\/\/www.mgtrading.com\/es\/?s={search_term_string}\"},\"query-input\":{\"@type\":\"PropertyValueSpecification\",\"valueRequired\":true,\"valueName\":\"search_term_string\"}}],\"inLanguage\":\"es\"},{\"@type\":\"Organization\",\"@id\":\"https:\/\/www.mgtrading.com\/es\/#organization\",\"name\":\"Global Trade Specialists, Inc.\",\"alternateName\":\"Global Trade Specialists\",\"url\":\"https:\/\/www.mgtrading.com\/es\/\",\"logo\":{\"@type\":\"ImageObject\",\"inLanguage\":\"es\",\"@id\":\"https:\/\/www.mgtrading.com\/es\/#\/schema\/logo\/image\/\",\"url\":\"https:\/\/www.mgtrading.com\/wp-content\/uploads\/GTS-Logo-square-1.jpg\",\"contentUrl\":\"https:\/\/www.mgtrading.com\/wp-content\/uploads\/GTS-Logo-square-1.jpg\",\"width\":400,\"height\":400,\"caption\":\"Global Trade Specialists, Inc.\"},\"image\":{\"@id\":\"https:\/\/www.mgtrading.com\/es\/#\/schema\/logo\/image\/\"},\"sameAs\":[\"https:\/\/www.facebook.com\/GlobalTradeSpecialistsInc\",\"https:\/\/www.linkedin.com\/company\/global-trade-specialists-inc-\/\",\"https:\/\/www.youtube.com\/channel\/UC_Y74m9kM8vu3Q-QDHQREog\"]}]}<\/script>\n<!-- \/ Yoast SEO plugin. -->","yoast_head_json":{"title":"C\u00f3mo Fabricar Con \u00c9xito Un Producto En China - Global Trade Specialists","robots":{"index":"index","follow":"follow","max-snippet":"max-snippet:-1","max-image-preview":"max-image-preview:large","max-video-preview":"max-video-preview:-1"},"canonical":"https:\/\/www.mgtrading.com\/es\/como-fabricar-con-exito-un-producto-en-china\/","og_locale":"es_ES","og_type":"article","og_title":"C\u00f3mo Fabricar Con \u00c9xito Un Producto En China - Global Trade Specialists","og_description":"Conseguir un producto fabricado en China no es dif\u00edcil si conoce los pasos correctos a seguir. Es esencial que tenga la documentaci\u00f3n completa y lista para la producci\u00f3n y un agente de...","og_url":"https:\/\/www.mgtrading.com\/es\/como-fabricar-con-exito-un-producto-en-china\/","og_site_name":"Global Trade Specialists","article_publisher":"https:\/\/www.facebook.com\/GlobalTradeSpecialistsInc","article_modified_time":"2021-11-05T20:18:05+00:00","og_image":[{"url":"https:\/\/www.mgtrading.com\/wp-content\/uploads\/2017\/10\/how-to-get-a-product-made-in-china-1.jpg","type":"","width":"","height":""}],"twitter_card":"summary_large_image","twitter_misc":{"Tiempo de lectura":"9 minutos"},"schema":{"@context":"https:\/\/schema.org","@graph":[{"@type":"WebPage","@id":"https:\/\/www.mgtrading.com\/es\/como-fabricar-con-exito-un-producto-en-china\/","url":"https:\/\/www.mgtrading.com\/es\/como-fabricar-con-exito-un-producto-en-china\/","name":"C\u00f3mo Fabricar Con \u00c9xito Un Producto En China - Global Trade Specialists","isPartOf":{"@id":"https:\/\/www.mgtrading.com\/es\/#website"},"primaryImageOfPage":{"@id":"https:\/\/www.mgtrading.com\/es\/como-fabricar-con-exito-un-producto-en-china\/#primaryimage"},"image":{"@id":"https:\/\/www.mgtrading.com\/es\/como-fabricar-con-exito-un-producto-en-china\/#primaryimage"},"thumbnailUrl":"https:\/\/www.mgtrading.com\/wp-content\/uploads\/2017\/10\/how-to-get-a-product-made-in-china-1.jpg","datePublished":"2021-11-05T20:14:18+00:00","dateModified":"2021-11-05T20:18:05+00:00","breadcrumb":{"@id":"https:\/\/www.mgtrading.com\/es\/como-fabricar-con-exito-un-producto-en-china\/#breadcrumb"},"inLanguage":"es","potentialAction":[{"@type":"ReadAction","target":["https:\/\/www.mgtrading.com\/es\/como-fabricar-con-exito-un-producto-en-china\/"]}]},{"@type":"ImageObject","inLanguage":"es","@id":"https:\/\/www.mgtrading.com\/es\/como-fabricar-con-exito-un-producto-en-china\/#primaryimage","url":"https:\/\/www.mgtrading.com\/wp-content\/uploads\/2017\/10\/how-to-get-a-product-made-in-china-1.jpg","contentUrl":"https:\/\/www.mgtrading.com\/wp-content\/uploads\/2017\/10\/how-to-get-a-product-made-in-china-1.jpg"},{"@type":"BreadcrumbList","@id":"https:\/\/www.mgtrading.com\/es\/como-fabricar-con-exito-un-producto-en-china\/#breadcrumb","itemListElement":[{"@type":"ListItem","position":1,"name":"Home","item":"https:\/\/www.mgtrading.com\/es\/"},{"@type":"ListItem","position":2,"name":"C\u00f3mo Fabricar Con \u00c9xito Un Producto En China"}]},{"@type":"WebSite","@id":"https:\/\/www.mgtrading.com\/es\/#website","url":"https:\/\/www.mgtrading.com\/es\/","name":"Global Trade Specialists, Inc.","description":"Source from Reliable China Manufacturing Companies.","publisher":{"@id":"https:\/\/www.mgtrading.com\/es\/#organization"},"alternateName":"Global Trade Specialists","potentialAction":[{"@type":"SearchAction","target":{"@type":"EntryPoint","urlTemplate":"https:\/\/www.mgtrading.com\/es\/?s={search_term_string}"},"query-input":{"@type":"PropertyValueSpecification","valueRequired":true,"valueName":"search_term_string"}}],"inLanguage":"es"},{"@type":"Organization","@id":"https:\/\/www.mgtrading.com\/es\/#organization","name":"Global Trade Specialists, Inc.","alternateName":"Global Trade Specialists","url":"https:\/\/www.mgtrading.com\/es\/","logo":{"@type":"ImageObject","inLanguage":"es","@id":"https:\/\/www.mgtrading.com\/es\/#\/schema\/logo\/image\/","url":"https:\/\/www.mgtrading.com\/wp-content\/uploads\/GTS-Logo-square-1.jpg","contentUrl":"https:\/\/www.mgtrading.com\/wp-content\/uploads\/GTS-Logo-square-1.jpg","width":400,"height":400,"caption":"Global Trade Specialists, Inc."},"image":{"@id":"https:\/\/www.mgtrading.com\/es\/#\/schema\/logo\/image\/"},"sameAs":["https:\/\/www.facebook.com\/GlobalTradeSpecialistsInc","https:\/\/www.linkedin.com\/company\/global-trade-specialists-inc-\/","https:\/\/www.youtube.com\/channel\/UC_Y74m9kM8vu3Q-QDHQREog"]}]}},"_links":{"self":[{"href":"https:\/\/www.mgtrading.com\/es\/wp-json\/wp\/v2\/pages\/5789","targetHints":{"allow":["GET"]}}],"collection":[{"href":"https:\/\/www.mgtrading.com\/es\/wp-json\/wp\/v2\/pages"}],"about":[{"href":"https:\/\/www.mgtrading.com\/es\/wp-json\/wp\/v2\/types\/page"}],"author":[{"embeddable":true,"href":"https:\/\/www.mgtrading.com\/es\/wp-json\/wp\/v2\/users\/9"}],"replies":[{"embeddable":true,"href":"https:\/\/www.mgtrading.com\/es\/wp-json\/wp\/v2\/comments?post=5789"}],"version-history":[{"count":0,"href":"https:\/\/www.mgtrading.com\/es\/wp-json\/wp\/v2\/pages\/5789\/revisions"}],"wp:attachment":[{"href":"https:\/\/www.mgtrading.com\/es\/wp-json\/wp\/v2\/media?parent=5789"}],"curies":[{"name":"wp","href":"https:\/\/api.w.org\/{rel}","templated":true}]}}